{"id":17794,"date":"2022-11-17T13:16:48","date_gmt":"2022-11-17T13:16:48","guid":{"rendered":"https:\/\/www.speedmodels.ch\/produkte\/unkategorisiert\/vis-tole-a-tete-bombee-acier-cruciforme-2-2-x-19mm\/"},"modified":"2023-11-21T00:18:55","modified_gmt":"2023-11-21T00:18:55","slug":"vis-tole-a-tete-bombee-acier-cruciforme-2-2-x-19mm","status":"publish","type":"product","link":"https:\/\/www.speedmodels.ch\/fr\/produits\/vis-ecrous\/vis-acier\/vis-tole-a-tete-bombee-cruciforme-fr\/vis-tole-a-tete-bombee-acier-cruciforme-2-2-x-19mm\/","title":{"rendered":"Vis t\u00f4le \u00e0 t\u00eate bomb\u00e9e, acier, cruciforme 2.2 x 19mm"},"content":{"rendered":"<p>Vis t\u00f4le \u00e0 t\u00eate bomb\u00e9e, acier, cruciforme 2.2 x 19mm<\/p>\n<p>emballage 10 pcs<\/p>\n<p>&nbsp;<\/p>\n<p>&nbsp;<\/p>\n<p>&nbsp;<\/p>\n<div style=\"text-align:left\" class=\"wps-pgfw-pdf-generate-icon__wrapper-frontend\">\n\t\t<a href=\"https:\/\/www.speedmodels.ch\/fr\/wp-json\/wp\/v2\/product\/17794\/?action=genpdf&amp;id=17794\" class=\"pgfw-single-pdf-download-button\" target=_blank><img src=\"https:\/\/speedmodels.ch\/wp-content\/uploads\/2021\/09\/pdf_icon.png\" title=\"G\u00e9n\u00e9rer un PDF\" style=\"width:auto; height:45px;\"><\/a>\n\t\t<\/div>","protected":false},"excerpt":{"rendered":"<p>Vis t\u00f4le \u00e0 t\u00eate bomb\u00e9e, acier, cruciforme 2.2 x 19mm emballage 10 pcs &nbsp; &nbsp; &nbsp;<\/p>\n","protected":false},"featured_media":16025,"template":"","meta":[],"product_brand":[],"product_cat":[1592,1593,1645],"product_tag":[],"class_list":{"0":"post-17794","1":"product","2":"type-product","3":"status-publish","4":"has-post-thumbnail","6":"product_cat-vis-ecrous","7":"product_cat-vis-acier","8":"product_cat-vis-tole-a-tete-bombee-cruciforme-fr","10":"first","11":"instock","12":"shipping-taxable","13":"product-type-simple"},"_links":{"self":[{"href":"https:\/\/www.speedmodels.ch\/fr\/wp-json\/wp\/v2\/product\/17794","targetHints":{"allow":["GET"]}}],"collection":[{"href":"https:\/\/www.speedmodels.ch\/fr\/wp-json\/wp\/v2\/product"}],"about":[{"href":"https:\/\/www.speedmodels.ch\/fr\/wp-json\/wp\/v2\/types\/product"}],"version-history":[{"count":0,"href":"https:\/\/www.speedmodels.ch\/fr\/wp-json\/wp\/v2\/product\/17794\/revisions"}],"wp:featuredmedia":[{"embeddable":true,"href":"https:\/\/www.speedmodels.ch\/fr\/wp-json\/wp\/v2\/media\/16025"}],"wp:attachment":[{"href":"https:\/\/www.speedmodels.ch\/fr\/wp-json\/wp\/v2\/media?parent=17794"}],"wp:term":[{"taxonomy":"product_brand","embeddable":true,"href":"https:\/\/www.speedmodels.ch\/fr\/wp-json\/wp\/v2\/product_brand?post=17794"},{"taxonomy":"product_cat","embeddable":true,"href":"https:\/\/www.speedmodels.ch\/fr\/wp-json\/wp\/v2\/product_cat?post=17794"},{"taxonomy":"product_tag","embeddable":true,"href":"https:\/\/www.speedmodels.ch\/fr\/wp-json\/wp\/v2\/product_tag?post=17794"}],"curies":[{"name":"wp","href":"https:\/\/api.w.org\/{rel}","templated":true}]}}