{"id":17785,"date":"2022-11-10T15:36:08","date_gmt":"2022-11-10T15:36:08","guid":{"rendered":"https:\/\/www.speedmodels.ch\/produkte\/unkategorisiert\/vis-tole-a-tete-bombee-fendue-2-9-x-6-5mm\/"},"modified":"2024-01-29T14:52:35","modified_gmt":"2024-01-29T14:52:35","slug":"vis-tole-a-tete-bombee-fendue-2-9-x-6-5mm","status":"publish","type":"product","link":"https:\/\/www.speedmodels.ch\/fr\/produits\/vis-ecrous\/vis-acier-inox\/vis-tole-a-tete-bombee-fendue\/vis-tole-a-tete-bombee-fendue-2-9-x-6-5mm\/","title":{"rendered":"Vis t\u00f4le \u00e0 t\u00eate bomb\u00e9e, fendue 2.9 x 6.5mm"},"content":{"rendered":"<p>Vis t\u00f4le \u00e0 t\u00eate bomb\u00e9e, fendue<\/p>\n<p>\u00d8 2.9 x 6.5 mm<\/p>\n<p>emballage 10 pcs<\/p>\n<div style=\"text-align:left\" class=\"wps-pgfw-pdf-generate-icon__wrapper-frontend\">\n\t\t<a href=\"https:\/\/www.speedmodels.ch\/fr\/wp-json\/wp\/v2\/product\/17785\/?action=genpdf&amp;id=17785\" class=\"pgfw-single-pdf-download-button\" target=_blank><img src=\"https:\/\/speedmodels.ch\/wp-content\/uploads\/2021\/09\/pdf_icon.png\" title=\"G\u00e9n\u00e9rer un PDF\" style=\"width:auto; height:45px;\"><\/a>\n\t\t<\/div>","protected":false},"excerpt":{"rendered":"<p>Vis t\u00f4le \u00e0 t\u00eate bomb\u00e9e, fendue \u00d8 2.9 x 6.5 mm emballage 10 pcs<\/p>\n","protected":false},"featured_media":15997,"template":"","meta":[],"product_brand":[],"product_cat":[1592,1609,1643],"product_tag":[],"class_list":{"0":"post-17785","1":"product","2":"type-product","3":"status-publish","4":"has-post-thumbnail","6":"product_cat-vis-ecrous","7":"product_cat-vis-acier-inox","8":"product_cat-vis-tole-a-tete-bombee-fendue","10":"first","11":"instock","12":"shipping-taxable","13":"product-type-simple"},"_links":{"self":[{"href":"https:\/\/www.speedmodels.ch\/fr\/wp-json\/wp\/v2\/product\/17785","targetHints":{"allow":["GET"]}}],"collection":[{"href":"https:\/\/www.speedmodels.ch\/fr\/wp-json\/wp\/v2\/product"}],"about":[{"href":"https:\/\/www.speedmodels.ch\/fr\/wp-json\/wp\/v2\/types\/product"}],"version-history":[{"count":0,"href":"https:\/\/www.speedmodels.ch\/fr\/wp-json\/wp\/v2\/product\/17785\/revisions"}],"wp:featuredmedia":[{"embeddable":true,"href":"https:\/\/www.speedmodels.ch\/fr\/wp-json\/wp\/v2\/media\/15997"}],"wp:attachment":[{"href":"https:\/\/www.speedmodels.ch\/fr\/wp-json\/wp\/v2\/media?parent=17785"}],"wp:term":[{"taxonomy":"product_brand","embeddable":true,"href":"https:\/\/www.speedmodels.ch\/fr\/wp-json\/wp\/v2\/product_brand?post=17785"},{"taxonomy":"product_cat","embeddable":true,"href":"https:\/\/www.speedmodels.ch\/fr\/wp-json\/wp\/v2\/product_cat?post=17785"},{"taxonomy":"product_tag","embeddable":true,"href":"https:\/\/www.speedmodels.ch\/fr\/wp-json\/wp\/v2\/product_tag?post=17785"}],"curies":[{"name":"wp","href":"https:\/\/api.w.org\/{rel}","templated":true}]}}