{"id":17717,"date":"2022-11-10T15:46:56","date_gmt":"2022-11-10T15:46:56","guid":{"rendered":"https:\/\/www.speedmodels.ch\/produkte\/unkategorisiert\/vis-btr-a-tete-fraisee-tf-acier-inox-m4-x-16mm\/"},"modified":"2024-01-29T14:56:16","modified_gmt":"2024-01-29T14:56:16","slug":"vis-btr-a-tete-fraisee-tf-acier-inox-m4-x-16mm","status":"publish","type":"product","link":"https:\/\/www.speedmodels.ch\/fr\/produits\/vis-ecrous\/vis-acier-inox\/vis-a-tete-fraisee-tf-fr\/vis-btr-a-tete-fraisee-tf-acier-inox-m4-x-16mm\/","title":{"rendered":"Vis BTR \u00e0 t\u00eate frais\u00e9e (TF) acier INOX M4 x 16mm"},"content":{"rendered":"<p>Vis \u00e0 t\u00eate frais\u00e9e (TF)<\/p>\n<p>\u00d8 M4 x 16 mm<\/p>\n<p>emballage 10 pcs<\/p>\n<div style=\"text-align:left\" class=\"wps-pgfw-pdf-generate-icon__wrapper-frontend\">\n\t\t<a href=\"https:\/\/www.speedmodels.ch\/fr\/wp-json\/wp\/v2\/product\/17717\/?action=genpdf&amp;id=17717\" class=\"pgfw-single-pdf-download-button\" target=_blank><img src=\"https:\/\/speedmodels.ch\/wp-content\/uploads\/2021\/09\/pdf_icon.png\" title=\"G\u00e9n\u00e9rer un PDF\" style=\"width:auto; height:45px;\"><\/a>\n\t\t<\/div>","protected":false},"excerpt":{"rendered":"<p>Vis \u00e0 t\u00eate frais\u00e9e (TF) \u00d8 M4 x 16 mm emballage 10 pcs<\/p>\n","protected":false},"featured_media":16007,"template":"","meta":[],"product_brand":[],"product_cat":[1592,1638,1609],"product_tag":[],"class_list":{"0":"post-17717","1":"product","2":"type-product","3":"status-publish","4":"has-post-thumbnail","6":"product_cat-vis-ecrous","7":"product_cat-vis-a-tete-fraisee-tf-fr","8":"product_cat-vis-acier-inox","10":"first","11":"instock","12":"shipping-taxable","13":"product-type-simple"},"_links":{"self":[{"href":"https:\/\/www.speedmodels.ch\/fr\/wp-json\/wp\/v2\/product\/17717","targetHints":{"allow":["GET"]}}],"collection":[{"href":"https:\/\/www.speedmodels.ch\/fr\/wp-json\/wp\/v2\/product"}],"about":[{"href":"https:\/\/www.speedmodels.ch\/fr\/wp-json\/wp\/v2\/types\/product"}],"version-history":[{"count":0,"href":"https:\/\/www.speedmodels.ch\/fr\/wp-json\/wp\/v2\/product\/17717\/revisions"}],"wp:featuredmedia":[{"embeddable":true,"href":"https:\/\/www.speedmodels.ch\/fr\/wp-json\/wp\/v2\/media\/16007"}],"wp:attachment":[{"href":"https:\/\/www.speedmodels.ch\/fr\/wp-json\/wp\/v2\/media?parent=17717"}],"wp:term":[{"taxonomy":"product_brand","embeddable":true,"href":"https:\/\/www.speedmodels.ch\/fr\/wp-json\/wp\/v2\/product_brand?post=17717"},{"taxonomy":"product_cat","embeddable":true,"href":"https:\/\/www.speedmodels.ch\/fr\/wp-json\/wp\/v2\/product_cat?post=17717"},{"taxonomy":"product_tag","embeddable":true,"href":"https:\/\/www.speedmodels.ch\/fr\/wp-json\/wp\/v2\/product_tag?post=17717"}],"curies":[{"name":"wp","href":"https:\/\/api.w.org\/{rel}","templated":true}]}}