{"id":17695,"date":"2022-11-17T12:49:52","date_gmt":"2022-11-17T12:49:52","guid":{"rendered":"https:\/\/www.speedmodels.ch\/produkte\/unkategorisiert\/vis-a-tete-fraisee-tf-cruciforme-acier-inox-m5-x-25mm\/"},"modified":"2023-11-21T00:18:57","modified_gmt":"2023-11-21T00:18:57","slug":"vis-a-tete-fraisee-tf-cruciforme-acier-inox-m5-x-25mm","status":"publish","type":"product","link":"https:\/\/www.speedmodels.ch\/fr\/produits\/vis-ecrous\/vis-acier-inox\/vis-a-tete-fraisee-tf-cruciforme\/vis-a-tete-fraisee-tf-cruciforme-acier-inox-m5-x-25mm\/","title":{"rendered":"Vis \u00e0 t\u00eate frais\u00e9e (TF), cruciforme acier INOX M5 x 25mm"},"content":{"rendered":"<p>Vis \u00e0 t\u00eate frais\u00e9e (TF), cruciforme acier INOX M5 x 25mm<\/p>\n<p>emballage 10 pcs<\/p>\n<p>&nbsp;<\/p>\n<p>&nbsp;<\/p>\n<p>&nbsp;<\/p>\n<div style=\"text-align:left\" class=\"wps-pgfw-pdf-generate-icon__wrapper-frontend\">\n\t\t<a href=\"https:\/\/www.speedmodels.ch\/fr\/wp-json\/wp\/v2\/product\/17695\/?action=genpdf&amp;id=17695\" class=\"pgfw-single-pdf-download-button\" target=_blank><img src=\"https:\/\/speedmodels.ch\/wp-content\/uploads\/2021\/09\/pdf_icon.png\" title=\"G\u00e9n\u00e9rer un PDF\" style=\"width:auto; height:45px;\"><\/a>\n\t\t<\/div>","protected":false},"excerpt":{"rendered":"<p>Vis \u00e0 t\u00eate frais\u00e9e (TF), cruciforme acier INOX M5 x 25mm emballage 10 pcs &nbsp; &nbsp; &nbsp;<\/p>\n","protected":false},"featured_media":16005,"template":"","meta":[],"product_brand":[],"product_cat":[1592,1636,1609],"product_tag":[],"class_list":{"0":"post-17695","1":"product","2":"type-product","3":"status-publish","4":"has-post-thumbnail","6":"product_cat-vis-ecrous","7":"product_cat-vis-a-tete-fraisee-tf-cruciforme","8":"product_cat-vis-acier-inox","10":"first","11":"instock","12":"shipping-taxable","13":"product-type-simple"},"_links":{"self":[{"href":"https:\/\/www.speedmodels.ch\/fr\/wp-json\/wp\/v2\/product\/17695","targetHints":{"allow":["GET"]}}],"collection":[{"href":"https:\/\/www.speedmodels.ch\/fr\/wp-json\/wp\/v2\/product"}],"about":[{"href":"https:\/\/www.speedmodels.ch\/fr\/wp-json\/wp\/v2\/types\/product"}],"version-history":[{"count":0,"href":"https:\/\/www.speedmodels.ch\/fr\/wp-json\/wp\/v2\/product\/17695\/revisions"}],"wp:featuredmedia":[{"embeddable":true,"href":"https:\/\/www.speedmodels.ch\/fr\/wp-json\/wp\/v2\/media\/16005"}],"wp:attachment":[{"href":"https:\/\/www.speedmodels.ch\/fr\/wp-json\/wp\/v2\/media?parent=17695"}],"wp:term":[{"taxonomy":"product_brand","embeddable":true,"href":"https:\/\/www.speedmodels.ch\/fr\/wp-json\/wp\/v2\/product_brand?post=17695"},{"taxonomy":"product_cat","embeddable":true,"href":"https:\/\/www.speedmodels.ch\/fr\/wp-json\/wp\/v2\/product_cat?post=17695"},{"taxonomy":"product_tag","embeddable":true,"href":"https:\/\/www.speedmodels.ch\/fr\/wp-json\/wp\/v2\/product_tag?post=17695"}],"curies":[{"name":"wp","href":"https:\/\/api.w.org\/{rel}","templated":true}]}}