{"id":17446,"date":"2022-09-19T08:54:07","date_gmt":"2022-09-19T08:54:07","guid":{"rendered":"https:\/\/speedmodels.ch.olympius.sui-inter.net\/produkte\/unkategorisiert\/nez-dhelice-de-precision-2-pales-38-2-3-mm\/"},"modified":"2022-09-19T08:54:07","modified_gmt":"2022-09-19T08:54:07","slug":"nez-dhelice-de-precision-2-pales-38-2-3-mm","status":"publish","type":"product","link":"https:\/\/www.speedmodels.ch\/fr\/produits\/accessoires\/pour-avions\/accessoires-helices\/nez-dhelice\/nez-dhelice-pour-2-pales\/nez-dhelice-de-precision-2-pales-38-2-3-mm\/","title":{"rendered":"Nez d&rsquo;h\u00e9lice de pr\u00e9cision 2-pales 38 \/ 2.3 mm"},"content":{"rendered":"<p>Nez d&rsquo;h\u00e9lice de pr\u00e9cision 2-pales \u00d8 38 mm<\/p>\n<p>Le set contient:<\/p>\n<ul>\n<li>Nez d&rsquo;h\u00e9lice de pr\u00e9cision avec plaque de base en alu (frais\u00e9e CNC)<\/li>\n<li>Capuchon en plastique noir<\/li>\n<li>C\u00f4ne de serrage avec filetage M8 pour axe moteur 2.3 mm<\/li>\n<\/ul>\n<p>&nbsp;<\/p>\n<div style=\"text-align:left\" class=\"wps-pgfw-pdf-generate-icon__wrapper-frontend\">\n\t\t<a href=\"https:\/\/www.speedmodels.ch\/fr\/wp-json\/wp\/v2\/product\/17446\/?action=genpdf&amp;id=17446\" class=\"pgfw-single-pdf-download-button\" target=_blank><img src=\"https:\/\/speedmodels.ch\/wp-content\/uploads\/2021\/09\/pdf_icon.png\" title=\"G\u00e9n\u00e9rer un PDF\" style=\"width:auto; height:45px;\"><\/a>\n\t\t<\/div>","protected":false},"excerpt":{"rendered":"<p>Nez d&rsquo;h\u00e9lice de pr\u00e9cision 2-pales \u00d8 38 mm Le set contient: Nez d&rsquo;h\u00e9lice de pr\u00e9cision avec plaque de base en alu (frais\u00e9e CNC) Capuchon en plastique noir C\u00f4ne de serrage avec filetage M8 pour axe moteur 2.3 mm &nbsp;<\/p>\n","protected":false},"featured_media":12990,"template":"","meta":[],"product_brand":[],"product_cat":[1518,1601,1602,1603,1519],"product_tag":[],"class_list":{"0":"post-17446","1":"product","2":"type-product","3":"status-publish","4":"has-post-thumbnail","6":"product_cat-accessoires","7":"product_cat-accessoires-helices","8":"product_cat-nez-dhelice","9":"product_cat-nez-dhelice-pour-2-pales","10":"product_cat-pour-avions","12":"first","13":"instock","14":"shipping-taxable","15":"product-type-simple"},"_links":{"self":[{"href":"https:\/\/www.speedmodels.ch\/fr\/wp-json\/wp\/v2\/product\/17446","targetHints":{"allow":["GET"]}}],"collection":[{"href":"https:\/\/www.speedmodels.ch\/fr\/wp-json\/wp\/v2\/product"}],"about":[{"href":"https:\/\/www.speedmodels.ch\/fr\/wp-json\/wp\/v2\/types\/product"}],"version-history":[{"count":0,"href":"https:\/\/www.speedmodels.ch\/fr\/wp-json\/wp\/v2\/product\/17446\/revisions"}],"wp:featuredmedia":[{"embeddable":true,"href":"https:\/\/www.speedmodels.ch\/fr\/wp-json\/wp\/v2\/media\/12990"}],"wp:attachment":[{"href":"https:\/\/www.speedmodels.ch\/fr\/wp-json\/wp\/v2\/media?parent=17446"}],"wp:term":[{"taxonomy":"product_brand","embeddable":true,"href":"https:\/\/www.speedmodels.ch\/fr\/wp-json\/wp\/v2\/product_brand?post=17446"},{"taxonomy":"product_cat","embeddable":true,"href":"https:\/\/www.speedmodels.ch\/fr\/wp-json\/wp\/v2\/product_cat?post=17446"},{"taxonomy":"product_tag","embeddable":true,"href":"https:\/\/www.speedmodels.ch\/fr\/wp-json\/wp\/v2\/product_tag?post=17446"}],"curies":[{"name":"wp","href":"https:\/\/api.w.org\/{rel}","templated":true}]}}