{"id":17436,"date":"2022-10-06T11:54:22","date_gmt":"2022-10-06T11:54:22","guid":{"rendered":"https:\/\/speedmodels.ch.olympius.sui-inter.net\/produkte\/unkategorisiert\/capuchon-36-38-mm-2\/"},"modified":"2024-05-31T13:36:40","modified_gmt":"2024-05-31T13:36:40","slug":"capuchon-36-38-mm-2","status":"publish","type":"product","link":"https:\/\/www.speedmodels.ch\/fr\/produits\/accessoires\/pour-avions\/accessoires-helices\/nez-dhelice\/nez-dhelice-pour-2-pales\/capuchon-36-38-mm-2\/","title":{"rendered":"Capuchon 36 &#8211; 38 mm"},"content":{"rendered":"<p>Capuchon de rechange pour nez d&rsquo;h\u00e9lice de pr\u00e9cision avec moyeau en alu (s\u00e9rie AN-7252-xx). Compatible avec grandeur de 36mm et 38mm<\/p>\n<p>Couleur: rouge<\/p>\n<p>emballage de 1pcs<\/p>\n<p>&nbsp;<\/p>\n<div style=\"text-align:left\" class=\"wps-pgfw-pdf-generate-icon__wrapper-frontend\">\n\t\t<a href=\"https:\/\/www.speedmodels.ch\/fr\/wp-json\/wp\/v2\/product\/17436\/?action=genpdf&amp;id=17436\" class=\"pgfw-single-pdf-download-button\" target=_blank><img src=\"https:\/\/speedmodels.ch\/wp-content\/uploads\/2021\/09\/pdf_icon.png\" title=\"G\u00e9n\u00e9rer un PDF\" style=\"width:auto; height:45px;\"><\/a>\n\t\t<\/div>","protected":false},"excerpt":{"rendered":"<p>Capuchon de rechange pour nez d&rsquo;h\u00e9lice de pr\u00e9cision avec moyeau en alu (s\u00e9rie AN-7252-xx). Compatible avec grandeur de 36mm et 38mm Couleur: rouge emballage de 1pcs &nbsp;<\/p>\n","protected":false},"featured_media":14987,"template":"","meta":[],"product_brand":[],"product_cat":[1518,1601,1602,1603,1519],"product_tag":[],"class_list":{"0":"post-17436","1":"product","2":"type-product","3":"status-publish","4":"has-post-thumbnail","6":"product_cat-accessoires","7":"product_cat-accessoires-helices","8":"product_cat-nez-dhelice","9":"product_cat-nez-dhelice-pour-2-pales","10":"product_cat-pour-avions","12":"first","13":"instock","14":"shipping-taxable","15":"product-type-simple"},"_links":{"self":[{"href":"https:\/\/www.speedmodels.ch\/fr\/wp-json\/wp\/v2\/product\/17436","targetHints":{"allow":["GET"]}}],"collection":[{"href":"https:\/\/www.speedmodels.ch\/fr\/wp-json\/wp\/v2\/product"}],"about":[{"href":"https:\/\/www.speedmodels.ch\/fr\/wp-json\/wp\/v2\/types\/product"}],"version-history":[{"count":0,"href":"https:\/\/www.speedmodels.ch\/fr\/wp-json\/wp\/v2\/product\/17436\/revisions"}],"wp:featuredmedia":[{"embeddable":true,"href":"https:\/\/www.speedmodels.ch\/fr\/wp-json\/wp\/v2\/media\/14987"}],"wp:attachment":[{"href":"https:\/\/www.speedmodels.ch\/fr\/wp-json\/wp\/v2\/media?parent=17436"}],"wp:term":[{"taxonomy":"product_brand","embeddable":true,"href":"https:\/\/www.speedmodels.ch\/fr\/wp-json\/wp\/v2\/product_brand?post=17436"},{"taxonomy":"product_cat","embeddable":true,"href":"https:\/\/www.speedmodels.ch\/fr\/wp-json\/wp\/v2\/product_cat?post=17436"},{"taxonomy":"product_tag","embeddable":true,"href":"https:\/\/www.speedmodels.ch\/fr\/wp-json\/wp\/v2\/product_tag?post=17436"}],"curies":[{"name":"wp","href":"https:\/\/api.w.org\/{rel}","templated":true}]}}