{"id":17408,"date":"2022-11-23T13:19:44","date_gmt":"2022-11-23T13:19:44","guid":{"rendered":"https:\/\/speedmodels.ch.olympius.sui-inter.net\/produkte\/unkategorisiert\/nez-dhelice-de-precsion-3-pales-oe-65-4mm\/"},"modified":"2023-12-04T10:52:00","modified_gmt":"2023-12-04T10:52:00","slug":"nez-d-helice-de-precision-3-pales-oe-65-4mm","status":"publish","type":"product","link":"https:\/\/www.speedmodels.ch\/fr\/produits\/accessoires\/pour-avions\/accessoires-helices\/nez-dhelice\/nez-dhelice-3-pales\/nez-d-helice-de-precision-3-pales-oe-65-4mm\/","title":{"rendered":"Nez d&rsquo;h\u00e9lice de pr\u00e9csion 3-pales \u00d8 65 \/ 4mm"},"content":{"rendered":"<p><strong>Nez d&rsquo;h\u00e9lice de pr\u00e9cision 3-pales<\/strong><\/p>\n<div>\n<div id=\"tab-description\" role=\"tabpanel\" aria-labelledby=\"tab-title-description\">\n<p>Le set de nez d&rsquo;h\u00e9lice de pr\u00e9cision contient:<br \/>\nPlaque de base en alu (frais\u00e9e CNC)<br \/>\nC\u00f4ne de serrage avec filetage M8 avec trou de montage avant du c\u00f4ne<br \/>\nCapuchon en plastique noir<\/p>\n<p>Lors de l&rsquo;utilisation de la pi\u00e8ce centrale 7242\/32, les lames n&rsquo;ont pas de fonction de pliage. Le c\u00f4ne fonctionne alors comme avec des pales d&rsquo;h\u00e9lice rigides.<\/p>\n<\/div>\n<\/div>\n<div style=\"text-align:left\" class=\"wps-pgfw-pdf-generate-icon__wrapper-frontend\">\n\t\t<a href=\"https:\/\/www.speedmodels.ch\/fr\/wp-json\/wp\/v2\/product\/17408\/?action=genpdf&amp;id=17408\" class=\"pgfw-single-pdf-download-button\" target=_blank><img src=\"https:\/\/speedmodels.ch\/wp-content\/uploads\/2021\/09\/pdf_icon.png\" title=\"G\u00e9n\u00e9rer un PDF\" style=\"width:auto; height:45px;\"><\/a>\n\t\t<\/div>","protected":false},"excerpt":{"rendered":"<p>Nez d&rsquo;h\u00e9lice de pr\u00e9cision 3-pales Le set de nez d&rsquo;h\u00e9lice de pr\u00e9cision contient: Plaque de base en alu (frais\u00e9e CNC) C\u00f4ne de serrage avec filetage M8 avec trou de montage avant du c\u00f4ne Capuchon en plastique noir Lors de l&rsquo;utilisation de la pi\u00e8ce centrale 7242\/32, les lames n&rsquo;ont pas de fonction de pliage. Le c\u00f4ne [&hellip;]<\/p>\n","protected":false},"featured_media":17144,"template":"","meta":[],"product_brand":[],"product_cat":[1518,1601,1602,1618,1519],"product_tag":[],"class_list":{"0":"post-17408","1":"product","2":"type-product","3":"status-publish","4":"has-post-thumbnail","6":"product_cat-accessoires","7":"product_cat-accessoires-helices","8":"product_cat-nez-dhelice","9":"product_cat-nez-dhelice-3-pales","10":"product_cat-pour-avions","12":"first","13":"instock","14":"shipping-taxable","15":"product-type-simple"},"_links":{"self":[{"href":"https:\/\/www.speedmodels.ch\/fr\/wp-json\/wp\/v2\/product\/17408","targetHints":{"allow":["GET"]}}],"collection":[{"href":"https:\/\/www.speedmodels.ch\/fr\/wp-json\/wp\/v2\/product"}],"about":[{"href":"https:\/\/www.speedmodels.ch\/fr\/wp-json\/wp\/v2\/types\/product"}],"version-history":[{"count":0,"href":"https:\/\/www.speedmodels.ch\/fr\/wp-json\/wp\/v2\/product\/17408\/revisions"}],"wp:featuredmedia":[{"embeddable":true,"href":"https:\/\/www.speedmodels.ch\/fr\/wp-json\/wp\/v2\/media\/17144"}],"wp:attachment":[{"href":"https:\/\/www.speedmodels.ch\/fr\/wp-json\/wp\/v2\/media?parent=17408"}],"wp:term":[{"taxonomy":"product_brand","embeddable":true,"href":"https:\/\/www.speedmodels.ch\/fr\/wp-json\/wp\/v2\/product_brand?post=17408"},{"taxonomy":"product_cat","embeddable":true,"href":"https:\/\/www.speedmodels.ch\/fr\/wp-json\/wp\/v2\/product_cat?post=17408"},{"taxonomy":"product_tag","embeddable":true,"href":"https:\/\/www.speedmodels.ch\/fr\/wp-json\/wp\/v2\/product_tag?post=17408"}],"curies":[{"name":"wp","href":"https:\/\/api.w.org\/{rel}","templated":true}]}}