{"id":17387,"date":"2022-11-23T14:05:06","date_gmt":"2022-11-23T14:05:06","guid":{"rendered":"https:\/\/speedmodels.ch.olympius.sui-inter.net\/produkte\/unkategorisiert\/nez-dhelice-de-precision-3-pales-oe-36-3-0mm\/"},"modified":"2022-11-23T14:05:06","modified_gmt":"2022-11-23T14:05:06","slug":"nez-dhelice-de-precision-3-pales-oe-36-3-0mm","status":"publish","type":"product","link":"https:\/\/www.speedmodels.ch\/fr\/produits\/accessoires\/pour-avions\/accessoires-helices\/nez-dhelice\/nez-dhelice-3-pales\/nez-dhelice-de-precision-3-pales-oe-36-3-0mm\/","title":{"rendered":"Nez d&rsquo;h\u00e9lice de pr\u00e9cision 3-pales \u00d8 36 \/ 3.0mm"},"content":{"rendered":"<p><strong>Nez d&rsquo;h\u00e9lice de pr\u00e9cision 3-pales<\/strong><\/p>\n<div>\n<div id=\"tab-description\" role=\"tabpanel\" aria-labelledby=\"tab-title-description\">\n<p>Le set de nez d&rsquo;h\u00e9lice de pr\u00e9cision contient:<br \/>\nPlaque de base en alu (frais\u00e9e CNC)<br \/>\nC\u00f4ne de serrage avec filetage M8 avec trou de montage avant du c\u00f4ne<br \/>\nCapuchon en plastique noir<\/p>\n<p>&nbsp;<\/p>\n<\/div>\n<\/div>\n<div style=\"text-align:left\" class=\"wps-pgfw-pdf-generate-icon__wrapper-frontend\">\n\t\t<a href=\"https:\/\/www.speedmodels.ch\/fr\/wp-json\/wp\/v2\/product\/17387\/?action=genpdf&amp;id=17387\" class=\"pgfw-single-pdf-download-button\" target=_blank><img src=\"https:\/\/speedmodels.ch\/wp-content\/uploads\/2021\/09\/pdf_icon.png\" title=\"G\u00e9n\u00e9rer un PDF\" style=\"width:auto; height:45px;\"><\/a>\n\t\t<\/div>","protected":false},"excerpt":{"rendered":"<p>Nez d&rsquo;h\u00e9lice de pr\u00e9cision 3-pales Le set de nez d&rsquo;h\u00e9lice de pr\u00e9cision contient: Plaque de base en alu (frais\u00e9e CNC) C\u00f4ne de serrage avec filetage M8 avec trou de montage avant du c\u00f4ne Capuchon en plastique noir &nbsp;<\/p>\n","protected":false},"featured_media":17144,"template":"","meta":[],"product_brand":[],"product_cat":[1518,1601,1602,1618,1519],"product_tag":[],"class_list":{"0":"post-17387","1":"product","2":"type-product","3":"status-publish","4":"has-post-thumbnail","6":"product_cat-accessoires","7":"product_cat-accessoires-helices","8":"product_cat-nez-dhelice","9":"product_cat-nez-dhelice-3-pales","10":"product_cat-pour-avions","12":"first","13":"instock","14":"shipping-taxable","15":"product-type-simple"},"_links":{"self":[{"href":"https:\/\/www.speedmodels.ch\/fr\/wp-json\/wp\/v2\/product\/17387","targetHints":{"allow":["GET"]}}],"collection":[{"href":"https:\/\/www.speedmodels.ch\/fr\/wp-json\/wp\/v2\/product"}],"about":[{"href":"https:\/\/www.speedmodels.ch\/fr\/wp-json\/wp\/v2\/types\/product"}],"version-history":[{"count":0,"href":"https:\/\/www.speedmodels.ch\/fr\/wp-json\/wp\/v2\/product\/17387\/revisions"}],"wp:featuredmedia":[{"embeddable":true,"href":"https:\/\/www.speedmodels.ch\/fr\/wp-json\/wp\/v2\/media\/17144"}],"wp:attachment":[{"href":"https:\/\/www.speedmodels.ch\/fr\/wp-json\/wp\/v2\/media?parent=17387"}],"wp:term":[{"taxonomy":"product_brand","embeddable":true,"href":"https:\/\/www.speedmodels.ch\/fr\/wp-json\/wp\/v2\/product_brand?post=17387"},{"taxonomy":"product_cat","embeddable":true,"href":"https:\/\/www.speedmodels.ch\/fr\/wp-json\/wp\/v2\/product_cat?post=17387"},{"taxonomy":"product_tag","embeddable":true,"href":"https:\/\/www.speedmodels.ch\/fr\/wp-json\/wp\/v2\/product_tag?post=17387"}],"curies":[{"name":"wp","href":"https:\/\/api.w.org\/{rel}","templated":true}]}}