{"id":17386,"date":"2022-11-23T14:32:32","date_gmt":"2022-11-23T14:32:32","guid":{"rendered":"https:\/\/speedmodels.ch.olympius.sui-inter.net\/produkte\/unkategorisiert\/nez-dhelice-de-precision-4-pales-oe-42-6-0mm\/"},"modified":"2025-11-20T13:41:13","modified_gmt":"2025-11-20T13:41:13","slug":"nez-d-helice-de-precision-4-pales-oe-42-6-0mm","status":"publish","type":"product","link":"https:\/\/www.speedmodels.ch\/fr\/produits\/accessoires\/pour-avions\/accessoires-helices\/nez-dhelice\/nez-dhelice-4-pales\/nez-d-helice-de-precision-4-pales-oe-42-6-0mm\/","title":{"rendered":"Nez d&rsquo;h\u00e9lice de pr\u00e9cision 4-pales \u00d8 42 \/ 6.0mm"},"content":{"rendered":"<p><strong>Nez d&rsquo;h\u00e9lice de pr\u00e9cision 4-pales<\/strong><\/p>\n<div>\n<div id=\"tab-description\" role=\"tabpanel\" aria-labelledby=\"tab-title-description\">\n<p>Le set de nez d&rsquo;h\u00e9lice de pr\u00e9cision contient:<br \/>\nPlaque de base en alu (frais\u00e9e CNC)<br \/>\nC\u00f4ne de serrage avec filetage M8 avec trou de montage avant du c\u00f4ne<br \/>\nCapuchon en plastique noir<\/p>\n<p>&nbsp;<\/p>\n<\/div>\n<\/div>\n<div style=\"text-align:left\" class=\"wps-pgfw-pdf-generate-icon__wrapper-frontend\">\n\t\t<a href=\"https:\/\/www.speedmodels.ch\/fr\/wp-json\/wp\/v2\/product\/17386\/?action=genpdf&amp;id=17386\" class=\"pgfw-single-pdf-download-button\" target=_blank><img src=\"https:\/\/speedmodels.ch\/wp-content\/uploads\/2021\/09\/pdf_icon.png\" title=\"G\u00e9n\u00e9rer un PDF\" style=\"width:auto; height:45px;\"><\/a>\n\t\t<\/div>","protected":false},"excerpt":{"rendered":"<p>Nez d&rsquo;h\u00e9lice de pr\u00e9cision 4-pales Le set de nez d&rsquo;h\u00e9lice de pr\u00e9cision contient: Plaque de base en alu (frais\u00e9e CNC) C\u00f4ne de serrage avec filetage M8 avec trou de montage avant du c\u00f4ne Capuchon en plastique noir &nbsp;<\/p>\n","protected":false},"featured_media":17140,"template":"","meta":[],"product_brand":[],"product_cat":[1518,1601,1602,1617,1519],"product_tag":[],"class_list":{"0":"post-17386","1":"product","2":"type-product","3":"status-publish","4":"has-post-thumbnail","6":"product_cat-accessoires","7":"product_cat-accessoires-helices","8":"product_cat-nez-dhelice","9":"product_cat-nez-dhelice-4-pales","10":"product_cat-pour-avions","12":"first","13":"instock","14":"shipping-taxable","15":"product-type-simple"},"_links":{"self":[{"href":"https:\/\/www.speedmodels.ch\/fr\/wp-json\/wp\/v2\/product\/17386","targetHints":{"allow":["GET"]}}],"collection":[{"href":"https:\/\/www.speedmodels.ch\/fr\/wp-json\/wp\/v2\/product"}],"about":[{"href":"https:\/\/www.speedmodels.ch\/fr\/wp-json\/wp\/v2\/types\/product"}],"version-history":[{"count":1,"href":"https:\/\/www.speedmodels.ch\/fr\/wp-json\/wp\/v2\/product\/17386\/revisions"}],"predecessor-version":[{"id":32814,"href":"https:\/\/www.speedmodels.ch\/fr\/wp-json\/wp\/v2\/product\/17386\/revisions\/32814"}],"wp:featuredmedia":[{"embeddable":true,"href":"https:\/\/www.speedmodels.ch\/fr\/wp-json\/wp\/v2\/media\/17140"}],"wp:attachment":[{"href":"https:\/\/www.speedmodels.ch\/fr\/wp-json\/wp\/v2\/media?parent=17386"}],"wp:term":[{"taxonomy":"product_brand","embeddable":true,"href":"https:\/\/www.speedmodels.ch\/fr\/wp-json\/wp\/v2\/product_brand?post=17386"},{"taxonomy":"product_cat","embeddable":true,"href":"https:\/\/www.speedmodels.ch\/fr\/wp-json\/wp\/v2\/product_cat?post=17386"},{"taxonomy":"product_tag","embeddable":true,"href":"https:\/\/www.speedmodels.ch\/fr\/wp-json\/wp\/v2\/product_tag?post=17386"}],"curies":[{"name":"wp","href":"https:\/\/api.w.org\/{rel}","templated":true}]}}