{"id":17303,"date":"2022-11-23T09:42:28","date_gmt":"2022-11-23T09:42:28","guid":{"rendered":"https:\/\/speedmodels.ch.olympius.sui-inter.net\/produkte\/unkategorisiert\/ecrou-prisonnier-a-visser-m6\/"},"modified":"2023-12-04T12:20:39","modified_gmt":"2023-12-04T12:20:39","slug":"ecrou-prisonnier-a-visser-m6","status":"publish","type":"product","link":"https:\/\/www.speedmodels.ch\/fr\/produits\/vis-ecrous\/ecrou-prisonnier-a-visser\/ecrou-prisonnier-a-visser-laiton\/ecrou-prisonnier-a-visser-m6\/","title":{"rendered":"Ecrou prisonnier \u00e0 visser M6"},"content":{"rendered":"<p>Ecrou prisonnier \u00e0 visser, laiton<\/p>\n<p>M6 x 14 mm<\/p>\n<p>emballage 10 pcs<\/p>\n<p>jusqu&rsquo;\u00e0 \u00e9puisement des stock<\/p>\n<div style=\"text-align:left\" class=\"wps-pgfw-pdf-generate-icon__wrapper-frontend\">\n\t\t<a href=\"https:\/\/www.speedmodels.ch\/fr\/wp-json\/wp\/v2\/product\/17303\/?action=genpdf&amp;id=17303\" class=\"pgfw-single-pdf-download-button\" target=_blank><img src=\"https:\/\/speedmodels.ch\/wp-content\/uploads\/2021\/09\/pdf_icon.png\" title=\"G\u00e9n\u00e9rer un PDF\" style=\"width:auto; height:45px;\"><\/a>\n\t\t<\/div>","protected":false},"excerpt":{"rendered":"<p>Ecrou prisonnier \u00e0 visser, laiton M6 x 14 mm emballage 10 pcs jusqu&rsquo;\u00e0 \u00e9puisement des stock<\/p>\n","protected":false},"featured_media":17154,"template":"","meta":[],"product_brand":[],"product_cat":[1615,1616,1592],"product_tag":[],"class_list":{"0":"post-17303","1":"product","2":"type-product","3":"status-publish","4":"has-post-thumbnail","6":"product_cat-ecrou-prisonnier-a-visser","7":"product_cat-ecrou-prisonnier-a-visser-laiton","8":"product_cat-vis-ecrous","10":"first","11":"instock","12":"shipping-taxable","13":"product-type-simple"},"_links":{"self":[{"href":"https:\/\/www.speedmodels.ch\/fr\/wp-json\/wp\/v2\/product\/17303","targetHints":{"allow":["GET"]}}],"collection":[{"href":"https:\/\/www.speedmodels.ch\/fr\/wp-json\/wp\/v2\/product"}],"about":[{"href":"https:\/\/www.speedmodels.ch\/fr\/wp-json\/wp\/v2\/types\/product"}],"version-history":[{"count":0,"href":"https:\/\/www.speedmodels.ch\/fr\/wp-json\/wp\/v2\/product\/17303\/revisions"}],"wp:featuredmedia":[{"embeddable":true,"href":"https:\/\/www.speedmodels.ch\/fr\/wp-json\/wp\/v2\/media\/17154"}],"wp:attachment":[{"href":"https:\/\/www.speedmodels.ch\/fr\/wp-json\/wp\/v2\/media?parent=17303"}],"wp:term":[{"taxonomy":"product_brand","embeddable":true,"href":"https:\/\/www.speedmodels.ch\/fr\/wp-json\/wp\/v2\/product_brand?post=17303"},{"taxonomy":"product_cat","embeddable":true,"href":"https:\/\/www.speedmodels.ch\/fr\/wp-json\/wp\/v2\/product_cat?post=17303"},{"taxonomy":"product_tag","embeddable":true,"href":"https:\/\/www.speedmodels.ch\/fr\/wp-json\/wp\/v2\/product_tag?post=17303"}],"curies":[{"name":"wp","href":"https:\/\/api.w.org\/{rel}","templated":true}]}}