{"id":17297,"date":"2022-11-23T12:24:09","date_gmt":"2022-11-23T12:24:09","guid":{"rendered":"https:\/\/speedmodels.ch.olympius.sui-inter.net\/produkte\/unkategorisiert\/rondelle-cuvette-alu-bleu-oe-4mm\/"},"modified":"2023-12-04T12:13:51","modified_gmt":"2023-12-04T12:13:51","slug":"rondelle-cuvette-alu-bleu-oe-4mm","status":"publish","type":"product","link":"https:\/\/www.speedmodels.ch\/fr\/produits\/vis-ecrous\/rondelles-cuvettes\/rondelles-cuvettes-alu\/rondelle-cuvette-alu-bleu-oe-4mm\/","title":{"rendered":"Rondelle cuvette alu bleu \u00d8 4mm"},"content":{"rendered":"<p>Rondelles cuvettes en alu, bleu anodis\u00e9<\/p>\n<p>grandeur \u00d8 4 x 10 mm \/ \u00e9paisseur 2.0 mm<\/p>\n<p>emballage de 10 pcs<\/p>\n<p>jusqu&rsquo;\u00e0 \u00e9puisement des stock<\/p>\n<div style=\"text-align:left\" class=\"wps-pgfw-pdf-generate-icon__wrapper-frontend\">\n\t\t<a href=\"https:\/\/www.speedmodels.ch\/fr\/wp-json\/wp\/v2\/product\/17297\/?action=genpdf&amp;id=17297\" class=\"pgfw-single-pdf-download-button\" target=_blank><img src=\"https:\/\/speedmodels.ch\/wp-content\/uploads\/2021\/09\/pdf_icon.png\" title=\"G\u00e9n\u00e9rer un PDF\" style=\"width:auto; height:45px;\"><\/a>\n\t\t<\/div>","protected":false},"excerpt":{"rendered":"<p>Rondelles cuvettes en alu, bleu anodis\u00e9 grandeur \u00d8 4 x 10 mm \/ \u00e9paisseur 2.0 mm emballage de 10 pcs jusqu&rsquo;\u00e0 \u00e9puisement des stock<\/p>\n","protected":false},"featured_media":17158,"template":"","meta":[],"product_brand":[],"product_cat":[1611,1613,1592],"product_tag":[],"class_list":{"0":"post-17297","1":"product","2":"type-product","3":"status-publish","4":"has-post-thumbnail","6":"product_cat-rondelles-cuvettes","7":"product_cat-rondelles-cuvettes-alu","8":"product_cat-vis-ecrous","10":"first","11":"instock","12":"shipping-taxable","13":"product-type-simple"},"_links":{"self":[{"href":"https:\/\/www.speedmodels.ch\/fr\/wp-json\/wp\/v2\/product\/17297","targetHints":{"allow":["GET"]}}],"collection":[{"href":"https:\/\/www.speedmodels.ch\/fr\/wp-json\/wp\/v2\/product"}],"about":[{"href":"https:\/\/www.speedmodels.ch\/fr\/wp-json\/wp\/v2\/types\/product"}],"version-history":[{"count":0,"href":"https:\/\/www.speedmodels.ch\/fr\/wp-json\/wp\/v2\/product\/17297\/revisions"}],"wp:featuredmedia":[{"embeddable":true,"href":"https:\/\/www.speedmodels.ch\/fr\/wp-json\/wp\/v2\/media\/17158"}],"wp:attachment":[{"href":"https:\/\/www.speedmodels.ch\/fr\/wp-json\/wp\/v2\/media?parent=17297"}],"wp:term":[{"taxonomy":"product_brand","embeddable":true,"href":"https:\/\/www.speedmodels.ch\/fr\/wp-json\/wp\/v2\/product_brand?post=17297"},{"taxonomy":"product_cat","embeddable":true,"href":"https:\/\/www.speedmodels.ch\/fr\/wp-json\/wp\/v2\/product_cat?post=17297"},{"taxonomy":"product_tag","embeddable":true,"href":"https:\/\/www.speedmodels.ch\/fr\/wp-json\/wp\/v2\/product_tag?post=17297"}],"curies":[{"name":"wp","href":"https:\/\/api.w.org\/{rel}","templated":true}]}}