{"id":17137,"date":"2022-11-17T14:00:39","date_gmt":"2022-11-17T14:00:39","guid":{"rendered":"https:\/\/speedmodels.ch.olympius.sui-inter.net\/produkte\/unkategorisiert\/vis-tete-cylindrique-tc-fendue-acier-inox-m2-5-x-25mm\/"},"modified":"2024-01-18T10:26:15","modified_gmt":"2024-01-18T10:26:15","slug":"vis-tete-cylindrique-tc-fendue-acier-inox-m2-5-x-25mm","status":"publish","type":"product","link":"https:\/\/www.speedmodels.ch\/fr\/produits\/vis-ecrous\/vis-acier-inox\/vis-tete-cylindrique-tc-fendue-fr\/vis-tete-cylindrique-tc-fendue-acier-inox-m2-5-x-25mm\/","title":{"rendered":"Vis t\u00eate cylindrique (TC) fendue, acier Inox M2.5 x 25mm"},"content":{"rendered":"<p>Vis t\u00eate cylindrique (TC) fendue, acier Inox M2.5 x 25mm<\/p>\n<p>emballage 10 pcs<\/p>\n<p>jusqu&rsquo;\u00e0 \u00e9puisement des stock<\/p>\n<p>&nbsp;<\/p>\n<p>&nbsp;<\/p>\n<p>&nbsp;<\/p>\n<div style=\"text-align:left\" class=\"wps-pgfw-pdf-generate-icon__wrapper-frontend\">\n\t\t<a href=\"https:\/\/www.speedmodels.ch\/fr\/wp-json\/wp\/v2\/product\/17137\/?action=genpdf&amp;id=17137\" class=\"pgfw-single-pdf-download-button\" target=_blank><img src=\"https:\/\/speedmodels.ch\/wp-content\/uploads\/2021\/09\/pdf_icon.png\" title=\"G\u00e9n\u00e9rer un PDF\" style=\"width:auto; height:45px;\"><\/a>\n\t\t<\/div>","protected":false},"excerpt":{"rendered":"<p>Vis t\u00eate cylindrique (TC) fendue, acier Inox M2.5 x 25mm emballage 10 pcs jusqu&rsquo;\u00e0 \u00e9puisement des stock &nbsp; &nbsp; &nbsp;<\/p>\n","protected":false},"featured_media":16017,"template":"","meta":[],"product_brand":[],"product_cat":[1592,1609,1610],"product_tag":[],"class_list":{"0":"post-17137","1":"product","2":"type-product","3":"status-publish","4":"has-post-thumbnail","6":"product_cat-vis-ecrous","7":"product_cat-vis-acier-inox","8":"product_cat-vis-tete-cylindrique-tc-fendue-fr","10":"first","11":"instock","12":"shipping-taxable","13":"product-type-simple"},"_links":{"self":[{"href":"https:\/\/www.speedmodels.ch\/fr\/wp-json\/wp\/v2\/product\/17137","targetHints":{"allow":["GET"]}}],"collection":[{"href":"https:\/\/www.speedmodels.ch\/fr\/wp-json\/wp\/v2\/product"}],"about":[{"href":"https:\/\/www.speedmodels.ch\/fr\/wp-json\/wp\/v2\/types\/product"}],"version-history":[{"count":0,"href":"https:\/\/www.speedmodels.ch\/fr\/wp-json\/wp\/v2\/product\/17137\/revisions"}],"wp:featuredmedia":[{"embeddable":true,"href":"https:\/\/www.speedmodels.ch\/fr\/wp-json\/wp\/v2\/media\/16017"}],"wp:attachment":[{"href":"https:\/\/www.speedmodels.ch\/fr\/wp-json\/wp\/v2\/media?parent=17137"}],"wp:term":[{"taxonomy":"product_brand","embeddable":true,"href":"https:\/\/www.speedmodels.ch\/fr\/wp-json\/wp\/v2\/product_brand?post=17137"},{"taxonomy":"product_cat","embeddable":true,"href":"https:\/\/www.speedmodels.ch\/fr\/wp-json\/wp\/v2\/product_cat?post=17137"},{"taxonomy":"product_tag","embeddable":true,"href":"https:\/\/www.speedmodels.ch\/fr\/wp-json\/wp\/v2\/product_tag?post=17137"}],"curies":[{"name":"wp","href":"https:\/\/api.w.org\/{rel}","templated":true}]}}