{"id":12969,"date":"2022-09-12T14:28:29","date_gmt":"2022-09-12T14:28:29","guid":{"rendered":"https:\/\/speedmodels.ch.olympius.sui-inter.net\/produkte\/non class\u00e9\/bague-de-serrage-alu-oe-4-mm\/"},"modified":"2022-09-12T14:28:29","modified_gmt":"2022-09-12T14:28:29","slug":"bague-de-serrage-alu-oe-4-mm","status":"publish","type":"product","link":"https:\/\/www.speedmodels.ch\/fr\/produits\/accessoires\/accessoires-generals\/bague-darret-et-de-compression\/bague-de-serrage-alu-oe-4-mm\/","title":{"rendered":"Bague de serrage alu \u00d8 4 mm"},"content":{"rendered":"<p>Bage de serage en alu<\/p>\n<p>int\u00e9rieur \u00d8 4 mm<\/p>\n<p>ext\u00e9rieur \u00d8 12 mm<\/p>\n<p>avec vis M 2<\/p>\n<p>emballage de 5 pcs<\/p>\n<div style=\"text-align:left\" class=\"wps-pgfw-pdf-generate-icon__wrapper-frontend\">\n\t\t<a href=\"https:\/\/www.speedmodels.ch\/fr\/wp-json\/wp\/v2\/product\/12969\/?action=genpdf&amp;id=12969\" class=\"pgfw-single-pdf-download-button\" target=_blank><img src=\"https:\/\/speedmodels.ch\/wp-content\/uploads\/2021\/09\/pdf_icon.png\" title=\"G\u00e9n\u00e9rer un PDF\" style=\"width:auto; height:45px;\"><\/a>\n\t\t<\/div>","protected":false},"excerpt":{"rendered":"<p>Bage de serage en alu int\u00e9rieur \u00d8 4 mm ext\u00e9rieur \u00d8 12 mm avec vis M 2 emballage de 5 pcs<\/p>\n","protected":false},"featured_media":13040,"template":"","meta":[],"product_brand":[],"product_cat":[1544,1570],"product_tag":[],"class_list":{"0":"post-12969","1":"product","2":"type-product","3":"status-publish","4":"has-post-thumbnail","6":"product_cat-accessoires-generals","7":"product_cat-bague-darret-et-de-compression","9":"first","10":"instock","11":"shipping-taxable","12":"product-type-simple"},"_links":{"self":[{"href":"https:\/\/www.speedmodels.ch\/fr\/wp-json\/wp\/v2\/product\/12969","targetHints":{"allow":["GET"]}}],"collection":[{"href":"https:\/\/www.speedmodels.ch\/fr\/wp-json\/wp\/v2\/product"}],"about":[{"href":"https:\/\/www.speedmodels.ch\/fr\/wp-json\/wp\/v2\/types\/product"}],"version-history":[{"count":0,"href":"https:\/\/www.speedmodels.ch\/fr\/wp-json\/wp\/v2\/product\/12969\/revisions"}],"wp:featuredmedia":[{"embeddable":true,"href":"https:\/\/www.speedmodels.ch\/fr\/wp-json\/wp\/v2\/media\/13040"}],"wp:attachment":[{"href":"https:\/\/www.speedmodels.ch\/fr\/wp-json\/wp\/v2\/media?parent=12969"}],"wp:term":[{"taxonomy":"product_brand","embeddable":true,"href":"https:\/\/www.speedmodels.ch\/fr\/wp-json\/wp\/v2\/product_brand?post=12969"},{"taxonomy":"product_cat","embeddable":true,"href":"https:\/\/www.speedmodels.ch\/fr\/wp-json\/wp\/v2\/product_cat?post=12969"},{"taxonomy":"product_tag","embeddable":true,"href":"https:\/\/www.speedmodels.ch\/fr\/wp-json\/wp\/v2\/product_tag?post=12969"}],"curies":[{"name":"wp","href":"https:\/\/api.w.org\/{rel}","templated":true}]}}