{"id":12949,"date":"2022-09-12T14:10:03","date_gmt":"2022-09-12T14:10:03","guid":{"rendered":"https:\/\/speedmodels.ch.olympius.sui-inter.net\/produkte\/non%20class\u00e9\/bague-darret-avec-cle-inbus-oe-4mm\/"},"modified":"2022-11-07T14:48:24","modified_gmt":"2022-11-07T14:48:24","slug":"bague-darret-avec-cle-inbus-oe-4mm","status":"publish","type":"product","link":"https:\/\/www.speedmodels.ch\/fr\/produits\/accessoires\/accessoires-generals\/bague-darret-et-de-compression\/bague-darret-avec-cle-inbus-oe-4mm\/","title":{"rendered":"Bague d&rsquo;arr\u00eat avec cl\u00e9 inbus \u00d8 4mm"},"content":{"rendered":"<p>Bague d&rsquo;arr\u00eat acier \u00d8 int\u00e9rieur 4 mm \/ \u00d8 exterieur 8 mm<\/p>\n<p>emballage 5pcs<\/p>\n<div style=\"text-align:left\" class=\"wps-pgfw-pdf-generate-icon__wrapper-frontend\">\n\t\t<a href=\"https:\/\/www.speedmodels.ch\/fr\/wp-json\/wp\/v2\/product\/12949\/?action=genpdf&amp;id=12949\" class=\"pgfw-single-pdf-download-button\" target=_blank><img src=\"https:\/\/speedmodels.ch\/wp-content\/uploads\/2021\/09\/pdf_icon.png\" title=\"G\u00e9n\u00e9rer un PDF\" style=\"width:auto; height:45px;\"><\/a>\n\t\t<\/div>","protected":false},"excerpt":{"rendered":"<p>Bague d&rsquo;arr\u00eat acier \u00d8 int\u00e9rieur 4 mm \/ \u00d8 exterieur 8 mm emballage 5pcs<\/p>\n","protected":false},"featured_media":16051,"template":"","meta":[],"product_brand":[],"product_cat":[1544,1570],"product_tag":[],"class_list":{"0":"post-12949","1":"product","2":"type-product","3":"status-publish","4":"has-post-thumbnail","6":"product_cat-accessoires-generals","7":"product_cat-bague-darret-et-de-compression","9":"first","10":"instock","11":"shipping-taxable","12":"product-type-simple"},"_links":{"self":[{"href":"https:\/\/www.speedmodels.ch\/fr\/wp-json\/wp\/v2\/product\/12949","targetHints":{"allow":["GET"]}}],"collection":[{"href":"https:\/\/www.speedmodels.ch\/fr\/wp-json\/wp\/v2\/product"}],"about":[{"href":"https:\/\/www.speedmodels.ch\/fr\/wp-json\/wp\/v2\/types\/product"}],"version-history":[{"count":0,"href":"https:\/\/www.speedmodels.ch\/fr\/wp-json\/wp\/v2\/product\/12949\/revisions"}],"wp:featuredmedia":[{"embeddable":true,"href":"https:\/\/www.speedmodels.ch\/fr\/wp-json\/wp\/v2\/media\/16051"}],"wp:attachment":[{"href":"https:\/\/www.speedmodels.ch\/fr\/wp-json\/wp\/v2\/media?parent=12949"}],"wp:term":[{"taxonomy":"product_brand","embeddable":true,"href":"https:\/\/www.speedmodels.ch\/fr\/wp-json\/wp\/v2\/product_brand?post=12949"},{"taxonomy":"product_cat","embeddable":true,"href":"https:\/\/www.speedmodels.ch\/fr\/wp-json\/wp\/v2\/product_cat?post=12949"},{"taxonomy":"product_tag","embeddable":true,"href":"https:\/\/www.speedmodels.ch\/fr\/wp-json\/wp\/v2\/product_tag?post=12949"}],"curies":[{"name":"wp","href":"https:\/\/api.w.org\/{rel}","templated":true}]}}