{"id":12932,"date":"2022-07-14T09:49:23","date_gmt":"2022-07-14T09:49:23","guid":{"rendered":"https:\/\/speedmodels.ch.olympius.sui-inter.net\/produkte\/non%20class\u00e9\/chargeur-e6\/"},"modified":"2024-01-04T14:46:57","modified_gmt":"2024-01-04T14:46:57","slug":"chargeur-e6","status":"publish","type":"product","link":"https:\/\/www.speedmodels.ch\/fr\/produits\/electronique\/chargeurs\/chargeurs-lipo\/chargeur-e6\/","title":{"rendered":"Chargeur e6"},"content":{"rendered":"<p><strong>Prix de liquidation <span style=\"color: #ff0000;\">Fr. 29.50 incl. TVA. <\/span><\/strong><br \/>\n<strong>(jusqu\u2019\u00e0 \u00e9puisement des stock \/ articles fin de s\u00e9rie ne sont pas repris ou \u00e9chang\u00e9 \/ pi\u00e8ces d\u00e9tach\u00e9es jusqu\u2019\u00e0 \u00e9puisement des stock).<\/strong><br \/>\n<strong>Pas de ventre directe!<\/strong><\/p>\n<p>Chargeur <strong>ev-peak e6<\/strong><\/p>\n<p><span class=\"navigation_wichtig\">Schneller und besser laden mit dem EV-E6. <\/span><span class=\"deutsch_texte\">Das ultimative 1 S Ladeger\u00e4t von <\/span><span class=\"navigation_franz\">EV-Peak<\/span><span class=\"deutsch_texte\">. Quatre canales (sorties) compl\u00e9tement ind\u00e9pendant. Gr\u00e2ce \u00e0 un \u00e9cran LCD tr\u00e8s bien lisible, vous avez toujours le contr\u00f4le sur la charge et l\u2018\u00e9tat de la charge de vos accus. Courant de charge r\u00e9glable de 0.1 \u00e0 1.0 Ampere. Op\u00e9ration simple! L&rsquo;appareil pour l&rsquo;interieur et l&rsquo;exterieur.<br \/>\n<\/span><\/p>\n<p>&nbsp;<\/p>\n<table style=\"height: 495px;\" width=\"356\">\n<tbody>\n<tr>\n<td width=\"114\"><strong>Fiches t\u00e9chniques:<\/strong><\/td>\n<td width=\"83\"><\/td>\n<\/tr>\n<tr>\n<td rowspan=\"2\" width=\"114\">tension d&rsquo;entr\u00e9e<\/td>\n<td width=\"83\">DC 9.0 &#8211; 12.0V<\/td>\n<\/tr>\n<tr>\n<td width=\"83\">AC100 &#8211; 240V<\/td>\n<\/tr>\n<tr>\n<td rowspan=\"2\" width=\"114\">courant de charge<\/td>\n<td width=\"83\">max.<\/td>\n<\/tr>\n<tr>\n<td width=\"83\">4 x 4.35 Watt<\/td>\n<\/tr>\n<tr>\n<td width=\"114\">puissance de charge<\/td>\n<td width=\"83\">4 x 0.1 &#8211; 1.0 Amp.<\/td>\n<\/tr>\n<tr>\n<td width=\"114\">type d&rsquo;accus<\/td>\n<td width=\"83\">LiPo + LiHV<\/td>\n<\/tr>\n<tr>\n<td width=\"114\">nombre de cellules accu Lithium<\/td>\n<td width=\"83\">1 cellule<\/td>\n<\/tr>\n<tr>\n<td rowspan=\"2\" width=\"114\">controle de charge<\/td>\n<td width=\"83\">\u00e9cran LCD<\/td>\n<\/tr>\n<tr>\n<td width=\"83\">et LED<\/td>\n<\/tr>\n<tr>\n<td rowspan=\"2\" width=\"114\">type prises<\/td>\n<td width=\"83\">Molex,JST,<\/td>\n<\/tr>\n<tr>\n<td width=\"83\">mCPX,MX<\/td>\n<\/tr>\n<tr>\n<td width=\"114\">poids<\/td>\n<td width=\"83\">320g<\/td>\n<\/tr>\n<tr>\n<td width=\"114\">dimension mm<\/td>\n<td width=\"83\">130 x 115 x 61mm<\/td>\n<\/tr>\n<\/tbody>\n<\/table>\n<p>&nbsp;<\/p>\n<p><span class=\"franz_texte\">contenue: chargeur, cordon d&rsquo;alimentation AC und DC, <em>manuel en anglais<\/em><\/span><\/p>\n<p>&nbsp;<\/p>\n<p>&nbsp;<\/p>\n<div style=\"text-align:left\" class=\"wps-pgfw-pdf-generate-icon__wrapper-frontend\">\n\t\t<a href=\"https:\/\/www.speedmodels.ch\/fr\/wp-json\/wp\/v2\/product\/12932\/?action=genpdf&amp;id=12932\" class=\"pgfw-single-pdf-download-button\" target=_blank><img src=\"https:\/\/speedmodels.ch\/wp-content\/uploads\/2021\/09\/pdf_icon.png\" title=\"G\u00e9n\u00e9rer un PDF\" style=\"width:auto; height:45px;\"><\/a>\n\t\t<\/div>","protected":false},"excerpt":{"rendered":"<p>Prix de liquidation Fr. 29.50 incl. TVA. (jusqu\u2019\u00e0 \u00e9puisement des stock \/ articles fin de s\u00e9rie ne sont pas repris ou \u00e9chang\u00e9 \/ pi\u00e8ces d\u00e9tach\u00e9es jusqu\u2019\u00e0 \u00e9puisement des stock). Pas de ventre directe! Chargeur ev-peak e6 Schneller und besser laden mit dem EV-E6. Das ultimative 1 S Ladeger\u00e4t von EV-Peak. Quatre canales (sorties) compl\u00e9tement ind\u00e9pendant. [&hellip;]<\/p>\n","protected":false},"featured_media":10566,"template":"","meta":[],"product_brand":[],"product_cat":[1856,1565,1568],"product_tag":[],"class_list":{"0":"post-12932","1":"product","2":"type-product","3":"status-publish","4":"has-post-thumbnail","6":"product_cat-article-fin-de-serie","7":"product_cat-chargeurs","8":"product_cat-chargeurs-lipo","10":"first","11":"instock","12":"shipping-taxable","13":"product-type-simple"},"_links":{"self":[{"href":"https:\/\/www.speedmodels.ch\/fr\/wp-json\/wp\/v2\/product\/12932","targetHints":{"allow":["GET"]}}],"collection":[{"href":"https:\/\/www.speedmodels.ch\/fr\/wp-json\/wp\/v2\/product"}],"about":[{"href":"https:\/\/www.speedmodels.ch\/fr\/wp-json\/wp\/v2\/types\/product"}],"version-history":[{"count":0,"href":"https:\/\/www.speedmodels.ch\/fr\/wp-json\/wp\/v2\/product\/12932\/revisions"}],"wp:featuredmedia":[{"embeddable":true,"href":"https:\/\/www.speedmodels.ch\/fr\/wp-json\/wp\/v2\/media\/10566"}],"wp:attachment":[{"href":"https:\/\/www.speedmodels.ch\/fr\/wp-json\/wp\/v2\/media?parent=12932"}],"wp:term":[{"taxonomy":"product_brand","embeddable":true,"href":"https:\/\/www.speedmodels.ch\/fr\/wp-json\/wp\/v2\/product_brand?post=12932"},{"taxonomy":"product_cat","embeddable":true,"href":"https:\/\/www.speedmodels.ch\/fr\/wp-json\/wp\/v2\/product_cat?post=12932"},{"taxonomy":"product_tag","embeddable":true,"href":"https:\/\/www.speedmodels.ch\/fr\/wp-json\/wp\/v2\/product_tag?post=12932"}],"curies":[{"name":"wp","href":"https:\/\/api.w.org\/{rel}","templated":true}]}}