{"id":12931,"date":"2022-07-14T09:44:32","date_gmt":"2022-07-14T09:44:32","guid":{"rendered":"https:\/\/speedmodels.ch.olympius.sui-inter.net\/produkte\/non class\u00e9\/chargeur-e4\/"},"modified":"2022-07-14T09:44:32","modified_gmt":"2022-07-14T09:44:32","slug":"chargeur-e4","status":"publish","type":"product","link":"https:\/\/www.speedmodels.ch\/fr\/produits\/electronique\/chargeurs\/chargeurs-lipo\/chargeur-e4\/","title":{"rendered":"Chargeur e4"},"content":{"rendered":"<p>Chargeur de <strong>ev-peak e4<\/strong><\/p>\n<p><span class=\"navigation_wichtig\">La solution la plus simple pour charger des accus LiPo\u2018s de 2-4 cellules&#8230;<\/span><\/p>\n<p>&#8230; Brancher l&rsquo;accu avec la prise balancer sur le E\u00e7, attendre qu&rsquo;il est charg\u00e9 complet, fini. Gr\u00e2ce \u00e0 l&rsquo;\u00e9l\u00e9ctronique et les componants modernes, le chargeur E4 de EV-Peak charge l&rsquo;accu doucement et vraiment plein. Les quatre LED vous informe continuellement sur le statut de charges. Charger les LiPo peut \u00eatre aussi simple que cela.<\/p>\n<table style=\"height: 354px;\" width=\"403\">\n<tbody>\n<tr>\n<td width=\"170\"><strong>Fiches t\u00e9chniques:<\/strong><\/td>\n<td width=\"146\"><\/td>\n<\/tr>\n<tr>\n<td width=\"170\"><em>tension d&rsquo;entr\u00e9e<\/em><\/td>\n<td width=\"146\">AC100~240V<\/td>\n<\/tr>\n<tr>\n<td width=\"170\"><em>courant de charge<\/em><\/td>\n<td width=\"146\">4 Amp.<\/td>\n<\/tr>\n<tr>\n<td width=\"170\"><em>puissance de charge<\/em><\/td>\n<td width=\"146\">50 Watt<\/td>\n<\/tr>\n<tr>\n<td width=\"170\"><em>puissance balancer<\/em><\/td>\n<td width=\"146\">400mA<\/td>\n<\/tr>\n<tr>\n<td width=\"170\"><em>type d&rsquo;accu<\/em><\/td>\n<td width=\"146\">Li-Po<\/td>\n<\/tr>\n<tr>\n<td width=\"170\"><em>nombre de celluels d&rsquo;accu<\/em><\/td>\n<td width=\"146\">2 &#8211; 4 cellules<\/td>\n<\/tr>\n<tr>\n<td width=\"170\"><em>controle de charge<\/em><\/td>\n<td width=\"146\">LED<\/td>\n<\/tr>\n<tr>\n<td width=\"170\"><em>prise<\/em><\/td>\n<td width=\"146\">balancer XH<\/td>\n<\/tr>\n<tr>\n<td width=\"170\"><em>poids<\/em><\/td>\n<td width=\"146\">278 gr.<\/td>\n<\/tr>\n<tr>\n<td width=\"170\"><em>dimensions<br \/>\n<\/em><\/td>\n<td width=\"146\">98 x 98 x 36 mm<\/td>\n<\/tr>\n<\/tbody>\n<\/table>\n<p>&nbsp;<\/p>\n<p>Inhalt: Ladeger\u00e4t, Netzkabel, <em>englische Anleitung<\/p>\n<p><\/em><\/p>\n<div style=\"text-align:left\" class=\"wps-pgfw-pdf-generate-icon__wrapper-frontend\">\n\t\t<a href=\"https:\/\/www.speedmodels.ch\/fr\/wp-json\/wp\/v2\/product\/12931\/?action=genpdf&amp;id=12931\" class=\"pgfw-single-pdf-download-button\" target=_blank><img src=\"https:\/\/speedmodels.ch\/wp-content\/uploads\/2021\/09\/pdf_icon.png\" title=\"G\u00e9n\u00e9rer un PDF\" style=\"width:auto; height:45px;\"><\/a>\n\t\t<\/div>","protected":false},"excerpt":{"rendered":"<p>Chargeur de ev-peak e4 La solution la plus simple pour charger des accus LiPo\u2018s de 2-4 cellules&#8230; &#8230; Brancher l&rsquo;accu avec la prise balancer sur le E\u00e7, attendre qu&rsquo;il est charg\u00e9 complet, fini. Gr\u00e2ce \u00e0 l&rsquo;\u00e9l\u00e9ctronique et les componants modernes, le chargeur E4 de EV-Peak charge l&rsquo;accu doucement et vraiment plein. Les quatre LED vous [&hellip;]<\/p>\n","protected":false},"featured_media":10563,"template":"","meta":[],"product_brand":[],"product_cat":[1565,1568],"product_tag":[],"class_list":{"0":"post-12931","1":"product","2":"type-product","3":"status-publish","4":"has-post-thumbnail","6":"product_cat-chargeurs","7":"product_cat-chargeurs-lipo","9":"first","10":"instock","11":"shipping-taxable","12":"product-type-simple"},"_links":{"self":[{"href":"https:\/\/www.speedmodels.ch\/fr\/wp-json\/wp\/v2\/product\/12931","targetHints":{"allow":["GET"]}}],"collection":[{"href":"https:\/\/www.speedmodels.ch\/fr\/wp-json\/wp\/v2\/product"}],"about":[{"href":"https:\/\/www.speedmodels.ch\/fr\/wp-json\/wp\/v2\/types\/product"}],"version-history":[{"count":0,"href":"https:\/\/www.speedmodels.ch\/fr\/wp-json\/wp\/v2\/product\/12931\/revisions"}],"wp:featuredmedia":[{"embeddable":true,"href":"https:\/\/www.speedmodels.ch\/fr\/wp-json\/wp\/v2\/media\/10563"}],"wp:attachment":[{"href":"https:\/\/www.speedmodels.ch\/fr\/wp-json\/wp\/v2\/media?parent=12931"}],"wp:term":[{"taxonomy":"product_brand","embeddable":true,"href":"https:\/\/www.speedmodels.ch\/fr\/wp-json\/wp\/v2\/product_brand?post=12931"},{"taxonomy":"product_cat","embeddable":true,"href":"https:\/\/www.speedmodels.ch\/fr\/wp-json\/wp\/v2\/product_cat?post=12931"},{"taxonomy":"product_tag","embeddable":true,"href":"https:\/\/www.speedmodels.ch\/fr\/wp-json\/wp\/v2\/product_tag?post=12931"}],"curies":[{"name":"wp","href":"https:\/\/api.w.org\/{rel}","templated":true}]}}