{"id":12928,"date":"2022-09-08T09:00:10","date_gmt":"2022-09-08T09:00:10","guid":{"rendered":"https:\/\/speedmodels.ch.olympius.sui-inter.net\/produkte\/non class\u00e9\/servo-standard-etanche-a-leau\/"},"modified":"2022-09-08T09:00:10","modified_gmt":"2022-09-08T09:00:10","slug":"servo-standard-etanche-a-leau","status":"publish","type":"product","link":"https:\/\/www.speedmodels.ch\/fr\/produits\/electronique\/servos-fr\/servos-fr-2\/servo-standard-etanche-a-leau\/","title":{"rendered":"Servo standard \u00e9tanche \u00e0 l&rsquo;eau"},"content":{"rendered":"<p>Servo standar \u00e9tanche \u00e0 l&rsquo;eau (test\u00e9 pendant une heute de fonctionnenment continu sous l&rsquo;eau \/ 4,8V)<\/p>\n<table width=\"309\">\n<tbody>\n<tr>\n<td width=\"141\">type<\/td>\n<td width=\"168\">standard \u00e9tanche \u00e0 l&rsquo;eau<\/td>\n<\/tr>\n<tr>\n<td>Tension<\/td>\n<td>4.8V \/ 6V<\/td>\n<\/tr>\n<tr>\n<td>force<\/td>\n<td>3.6 \/ 4.7kg.cm<\/td>\n<\/tr>\n<tr>\n<td>vitesse<\/td>\n<td>0.14 \/ 0.12sec. 60\u00ba<\/td>\n<\/tr>\n<tr>\n<td>dimensions<\/td>\n<td>41 x 20 x 36mm<\/td>\n<\/tr>\n<tr>\n<td>poids<\/td>\n<td>37.2 g<\/td>\n<\/tr>\n<tr>\n<td>roulement \u00e0 bille<\/td>\n<td>1<\/td>\n<\/tr>\n<tr>\n<td>prise<\/td>\n<td>Futaba<\/td>\n<\/tr>\n<\/tbody>\n<\/table>\n<p>emballage de 1pcs<\/p>\n<div style=\"text-align:left\" class=\"wps-pgfw-pdf-generate-icon__wrapper-frontend\">\n\t\t<a href=\"https:\/\/www.speedmodels.ch\/fr\/wp-json\/wp\/v2\/product\/12928\/?action=genpdf&amp;id=12928\" class=\"pgfw-single-pdf-download-button\" target=_blank><img src=\"https:\/\/speedmodels.ch\/wp-content\/uploads\/2021\/09\/pdf_icon.png\" title=\"G\u00e9n\u00e9rer un PDF\" style=\"width:auto; height:45px;\"><\/a>\n\t\t<\/div>","protected":false},"excerpt":{"rendered":"<p>Servo standar \u00e9tanche \u00e0 l&rsquo;eau (test\u00e9 pendant une heute de fonctionnenment continu sous l&rsquo;eau \/ 4,8V) type standard \u00e9tanche \u00e0 l&rsquo;eau Tension 4.8V \/ 6V force 3.6 \/ 4.7kg.cm vitesse 0.14 \/ 0.12sec. 60\u00ba dimensions 41 x 20 x 36mm poids 37.2 g roulement \u00e0 bille 1 prise Futaba emballage de 1pcs<\/p>\n","protected":false},"featured_media":12711,"template":"","meta":[],"product_brand":[],"product_cat":[1549,1504,1564],"product_tag":[],"class_list":{"0":"post-12928","1":"product","2":"type-product","3":"status-publish","4":"has-post-thumbnail","6":"product_cat-electronique","7":"product_cat-servos-fr","8":"product_cat-servos-fr-2","10":"first","11":"instock","12":"shipping-taxable","13":"product-type-simple"},"_links":{"self":[{"href":"https:\/\/www.speedmodels.ch\/fr\/wp-json\/wp\/v2\/product\/12928","targetHints":{"allow":["GET"]}}],"collection":[{"href":"https:\/\/www.speedmodels.ch\/fr\/wp-json\/wp\/v2\/product"}],"about":[{"href":"https:\/\/www.speedmodels.ch\/fr\/wp-json\/wp\/v2\/types\/product"}],"version-history":[{"count":0,"href":"https:\/\/www.speedmodels.ch\/fr\/wp-json\/wp\/v2\/product\/12928\/revisions"}],"wp:featuredmedia":[{"embeddable":true,"href":"https:\/\/www.speedmodels.ch\/fr\/wp-json\/wp\/v2\/media\/12711"}],"wp:attachment":[{"href":"https:\/\/www.speedmodels.ch\/fr\/wp-json\/wp\/v2\/media?parent=12928"}],"wp:term":[{"taxonomy":"product_brand","embeddable":true,"href":"https:\/\/www.speedmodels.ch\/fr\/wp-json\/wp\/v2\/product_brand?post=12928"},{"taxonomy":"product_cat","embeddable":true,"href":"https:\/\/www.speedmodels.ch\/fr\/wp-json\/wp\/v2\/product_cat?post=12928"},{"taxonomy":"product_tag","embeddable":true,"href":"https:\/\/www.speedmodels.ch\/fr\/wp-json\/wp\/v2\/product_tag?post=12928"}],"curies":[{"name":"wp","href":"https:\/\/api.w.org\/{rel}","templated":true}]}}