{"id":12926,"date":"2022-09-08T09:10:50","date_gmt":"2022-09-08T09:10:50","guid":{"rendered":"https:\/\/speedmodels.ch.olympius.sui-inter.net\/produkte\/non%20class\u00e9\/servo-dailes\/"},"modified":"2024-01-04T13:08:20","modified_gmt":"2024-01-04T13:08:20","slug":"servo-dailes-2","status":"publish","type":"product","link":"https:\/\/www.speedmodels.ch\/fr\/produits\/electronique\/servos-fr\/servos-fr-2\/servo-dailes-2\/","title":{"rendered":"Servo d&rsquo;ailes"},"content":{"rendered":"<p><strong>Prix de liquidation <span style=\"color: #ff0000;\">Fr. 9.00 incl. TVA <\/span><\/strong><br \/>\n<strong>(jusqu\u2019\u00e0 \u00e9puisement des stock \/ articles fin de s\u00e9rie ne sont pas repris ou \u00e9chang\u00e9 \/ pi\u00e8ces d\u00e9tach\u00e9es jusqu\u2019\u00e0 \u00e9puisement des stock).<\/strong><br \/>\n<strong>Pas de ventre directe!<\/strong><\/p>\n<p>Servo d&rsquo;ailes digitale avec pignons en m\u00e9tals. Pr\u00e9cis, robuste et fiabel. Dimension: m\u00eame que HS81\/82<\/p>\n<p>&nbsp;<\/p>\n<table style=\"height: 344px;\" width=\"366\">\n<tbody>\n<tr>\n<td width=\"141\">type<\/td>\n<td width=\"168\">servo d&rsquo;ailes<\/td>\n<\/tr>\n<tr>\n<td>Tension<\/td>\n<td>4.8V &#8211; <span style=\"color: #ff0000;\">7.4V (max.)<\/span><\/td>\n<\/tr>\n<tr>\n<td>force<\/td>\n<td>4.8V &#8211; 4.4 kg<\/p>\n<p>6.0V &#8211; 5.5 kg<\/p>\n<p>7.4V &#8211; 5.8 kg<\/td>\n<\/tr>\n<tr>\n<td>vitesse<\/td>\n<td>4.8V &#8211; 0.10 sec. 60\u00ba<\/p>\n<p>6.0V &#8211; 0.09 sec. 60\u00b0<\/p>\n<p>7.4V &#8211; 0.08 sec. 60\u00b0<\/td>\n<\/tr>\n<tr>\n<td>dimensions<\/td>\n<td>29.7 x 30 x 11.7 mm<\/td>\n<\/tr>\n<tr>\n<td>poids<\/td>\n<td>17.0 gr<\/td>\n<\/tr>\n<tr>\n<td>roulement \u00e0 bille<\/td>\n<td>1<\/td>\n<\/tr>\n<tr>\n<td>prise<\/td>\n<td>JR \/ Graupner<\/td>\n<\/tr>\n<\/tbody>\n<\/table>\n<p>emballage de 1pcs<\/p>\n<div style=\"text-align:left\" class=\"wps-pgfw-pdf-generate-icon__wrapper-frontend\">\n\t\t<a href=\"https:\/\/www.speedmodels.ch\/fr\/wp-json\/wp\/v2\/product\/12926\/?action=genpdf&amp;id=12926\" class=\"pgfw-single-pdf-download-button\" target=_blank><img src=\"https:\/\/speedmodels.ch\/wp-content\/uploads\/2021\/09\/pdf_icon.png\" title=\"G\u00e9n\u00e9rer un PDF\" style=\"width:auto; height:45px;\"><\/a>\n\t\t<\/div>","protected":false},"excerpt":{"rendered":"<p>Prix de liquidation Fr. 9.00 incl. TVA (jusqu\u2019\u00e0 \u00e9puisement des stock \/ articles fin de s\u00e9rie ne sont pas repris ou \u00e9chang\u00e9 \/ pi\u00e8ces d\u00e9tach\u00e9es jusqu\u2019\u00e0 \u00e9puisement des stock). Pas de ventre directe! Servo d&rsquo;ailes digitale avec pignons en m\u00e9tals. Pr\u00e9cis, robuste et fiabel. Dimension: m\u00eame que HS81\/82 &nbsp; type servo d&rsquo;ailes Tension 4.8V &#8211; [&hellip;]<\/p>\n","protected":false},"featured_media":12725,"template":"","meta":[],"product_brand":[],"product_cat":[1856,1549,1504,1564],"product_tag":[],"class_list":{"0":"post-12926","1":"product","2":"type-product","3":"status-publish","4":"has-post-thumbnail","6":"product_cat-article-fin-de-serie","7":"product_cat-electronique","8":"product_cat-servos-fr","9":"product_cat-servos-fr-2","11":"first","12":"instock","13":"shipping-taxable","14":"product-type-simple"},"_links":{"self":[{"href":"https:\/\/www.speedmodels.ch\/fr\/wp-json\/wp\/v2\/product\/12926","targetHints":{"allow":["GET"]}}],"collection":[{"href":"https:\/\/www.speedmodels.ch\/fr\/wp-json\/wp\/v2\/product"}],"about":[{"href":"https:\/\/www.speedmodels.ch\/fr\/wp-json\/wp\/v2\/types\/product"}],"version-history":[{"count":0,"href":"https:\/\/www.speedmodels.ch\/fr\/wp-json\/wp\/v2\/product\/12926\/revisions"}],"wp:featuredmedia":[{"embeddable":true,"href":"https:\/\/www.speedmodels.ch\/fr\/wp-json\/wp\/v2\/media\/12725"}],"wp:attachment":[{"href":"https:\/\/www.speedmodels.ch\/fr\/wp-json\/wp\/v2\/media?parent=12926"}],"wp:term":[{"taxonomy":"product_brand","embeddable":true,"href":"https:\/\/www.speedmodels.ch\/fr\/wp-json\/wp\/v2\/product_brand?post=12926"},{"taxonomy":"product_cat","embeddable":true,"href":"https:\/\/www.speedmodels.ch\/fr\/wp-json\/wp\/v2\/product_cat?post=12926"},{"taxonomy":"product_tag","embeddable":true,"href":"https:\/\/www.speedmodels.ch\/fr\/wp-json\/wp\/v2\/product_tag?post=12926"}],"curies":[{"name":"wp","href":"https:\/\/api.w.org\/{rel}","templated":true}]}}