{"id":12893,"date":"2024-02-12T08:19:26","date_gmt":"2024-02-12T08:19:26","guid":{"rendered":"https:\/\/speedmodels.ch.olympius.sui-inter.net\/produkte\/non%20class\u00e9\/securite-pour-connecteurs\/"},"modified":"2024-08-22T06:54:43","modified_gmt":"2024-08-22T06:54:43","slug":"securite-pour-connecteurs","status":"publish","type":"product","link":"https:\/\/www.speedmodels.ch\/fr\/produits\/cable-prise-interrupteur\/securite-pour-connecteurs\/","title":{"rendered":"S\u00e9curit\u00e9 pour conntecteurs"},"content":{"rendered":"<p>S\u00e9curisez vos connecteurs servo avec la fermeture de s\u00e9curit\u00e9 couleurs assorties 2pcs de chaque unit\u00e9e 8pcs<\/p>\n<div style=\"text-align:left\" class=\"wps-pgfw-pdf-generate-icon__wrapper-frontend\">\n\t\t<a href=\"https:\/\/www.speedmodels.ch\/fr\/wp-json\/wp\/v2\/product\/12893\/?action=genpdf&amp;id=12893\" class=\"pgfw-single-pdf-download-button\" target=_blank><img src=\"https:\/\/speedmodels.ch\/wp-content\/uploads\/2021\/09\/pdf_icon.png\" title=\"G\u00e9n\u00e9rer un PDF\" style=\"width:auto; height:45px;\"><\/a>\n\t\t<\/div>","protected":false},"excerpt":{"rendered":"<p>S\u00e9curisez vos connecteurs servo avec la fermeture de s\u00e9curit\u00e9 couleurs assorties 2pcs de chaque unit\u00e9e 8pcs<\/p>\n","protected":false},"featured_media":25745,"template":"","meta":[],"product_brand":[],"product_cat":[1502],"product_tag":[],"class_list":{"0":"post-12893","1":"product","2":"type-product","3":"status-publish","4":"has-post-thumbnail","6":"product_cat-cable-prise-interrupteur","8":"first","9":"instock","10":"shipping-taxable","11":"product-type-simple"},"_links":{"self":[{"href":"https:\/\/www.speedmodels.ch\/fr\/wp-json\/wp\/v2\/product\/12893","targetHints":{"allow":["GET"]}}],"collection":[{"href":"https:\/\/www.speedmodels.ch\/fr\/wp-json\/wp\/v2\/product"}],"about":[{"href":"https:\/\/www.speedmodels.ch\/fr\/wp-json\/wp\/v2\/types\/product"}],"version-history":[{"count":1,"href":"https:\/\/www.speedmodels.ch\/fr\/wp-json\/wp\/v2\/product\/12893\/revisions"}],"predecessor-version":[{"id":29132,"href":"https:\/\/www.speedmodels.ch\/fr\/wp-json\/wp\/v2\/product\/12893\/revisions\/29132"}],"wp:featuredmedia":[{"embeddable":true,"href":"https:\/\/www.speedmodels.ch\/fr\/wp-json\/wp\/v2\/media\/25745"}],"wp:attachment":[{"href":"https:\/\/www.speedmodels.ch\/fr\/wp-json\/wp\/v2\/media?parent=12893"}],"wp:term":[{"taxonomy":"product_brand","embeddable":true,"href":"https:\/\/www.speedmodels.ch\/fr\/wp-json\/wp\/v2\/product_brand?post=12893"},{"taxonomy":"product_cat","embeddable":true,"href":"https:\/\/www.speedmodels.ch\/fr\/wp-json\/wp\/v2\/product_cat?post=12893"},{"taxonomy":"product_tag","embeddable":true,"href":"https:\/\/www.speedmodels.ch\/fr\/wp-json\/wp\/v2\/product_tag?post=12893"}],"curies":[{"name":"wp","href":"https:\/\/api.w.org\/{rel}","templated":true}]}}