{"id":12798,"date":"2022-07-07T08:33:06","date_gmt":"2022-07-07T08:33:06","guid":{"rendered":"https:\/\/speedmodels.ch.olympius.sui-inter.net\/produkte\/non class\u00e9\/cable-servo-silicone\/"},"modified":"2022-07-07T08:33:06","modified_gmt":"2022-07-07T08:33:06","slug":"cable-servos-silicone","status":"publish","type":"product","link":"https:\/\/www.speedmodels.ch\/fr\/produits\/electronique\/servos-fr\/accessoires-servos\/cable-servos-silicone\/","title":{"rendered":"C\u00e2ble servo silicone"},"content":{"rendered":"<p>C\u00e2ble servo silicone torsad\u00e9, AWG22<\/p>\n<p>Sac \u00e0 10m<\/p>\n<div style=\"text-align:left\" class=\"wps-pgfw-pdf-generate-icon__wrapper-frontend\">\n\t\t<a href=\"https:\/\/www.speedmodels.ch\/fr\/wp-json\/wp\/v2\/product\/12798\/?action=genpdf&amp;id=12798\" class=\"pgfw-single-pdf-download-button\" target=_blank><img src=\"https:\/\/speedmodels.ch\/wp-content\/uploads\/2021\/09\/pdf_icon.png\" title=\"G\u00e9n\u00e9rer un PDF\" style=\"width:auto; height:45px;\"><\/a>\n\t\t<\/div>","protected":false},"excerpt":{"rendered":"<p>C\u00e2ble servo silicone torsad\u00e9, AWG22 Sac \u00e0 10m<\/p>\n","protected":false},"featured_media":10503,"template":"","meta":[],"product_brand":[],"product_cat":[1505,1502,1558,1559,1503],"product_tag":[],"class_list":{"0":"post-12798","1":"product","2":"type-product","3":"status-publish","4":"has-post-thumbnail","6":"product_cat-accessoires-servos","7":"product_cat-cable-prise-interrupteur","8":"product_cat-cable-servo","9":"product_cat-cable-silicone","10":"product_cat-rallonge-de-servo","12":"first","13":"instock","14":"shipping-taxable","15":"product-type-simple"},"_links":{"self":[{"href":"https:\/\/www.speedmodels.ch\/fr\/wp-json\/wp\/v2\/product\/12798","targetHints":{"allow":["GET"]}}],"collection":[{"href":"https:\/\/www.speedmodels.ch\/fr\/wp-json\/wp\/v2\/product"}],"about":[{"href":"https:\/\/www.speedmodels.ch\/fr\/wp-json\/wp\/v2\/types\/product"}],"version-history":[{"count":0,"href":"https:\/\/www.speedmodels.ch\/fr\/wp-json\/wp\/v2\/product\/12798\/revisions"}],"wp:featuredmedia":[{"embeddable":true,"href":"https:\/\/www.speedmodels.ch\/fr\/wp-json\/wp\/v2\/media\/10503"}],"wp:attachment":[{"href":"https:\/\/www.speedmodels.ch\/fr\/wp-json\/wp\/v2\/media?parent=12798"}],"wp:term":[{"taxonomy":"product_brand","embeddable":true,"href":"https:\/\/www.speedmodels.ch\/fr\/wp-json\/wp\/v2\/product_brand?post=12798"},{"taxonomy":"product_cat","embeddable":true,"href":"https:\/\/www.speedmodels.ch\/fr\/wp-json\/wp\/v2\/product_cat?post=12798"},{"taxonomy":"product_tag","embeddable":true,"href":"https:\/\/www.speedmodels.ch\/fr\/wp-json\/wp\/v2\/product_tag?post=12798"}],"curies":[{"name":"wp","href":"https:\/\/api.w.org\/{rel}","templated":true}]}}