{"id":12794,"date":"2022-08-25T13:32:40","date_gmt":"2022-08-25T13:32:40","guid":{"rendered":"https:\/\/speedmodels.ch.olympius.sui-inter.net\/produkte\/non%20class\u00e9\/testeur-de-servo\/"},"modified":"2024-07-05T12:47:58","modified_gmt":"2024-07-05T12:47:58","slug":"servo-tester-2","status":"publish","type":"product","link":"https:\/\/www.speedmodels.ch\/fr\/produits\/electronique\/servos-fr\/accessoires-servos\/servo-tester-2\/","title":{"rendered":"Testeur de servo"},"content":{"rendered":"<p>3 diff\u00e9rantes modes et possible de tester jusque 3 servos en m\u00eame temps. petit et pratique pour l&rsquo;at\u00e9lier et dehors<\/p>\n<p>Input: 4.8 &#8211; 8.4 Volt<\/p>\n<div style=\"text-align:left\" class=\"wps-pgfw-pdf-generate-icon__wrapper-frontend\">\n\t\t<a href=\"https:\/\/www.speedmodels.ch\/fr\/wp-json\/wp\/v2\/product\/12794\/?action=genpdf&amp;id=12794\" class=\"pgfw-single-pdf-download-button\" target=_blank><img src=\"https:\/\/speedmodels.ch\/wp-content\/uploads\/2021\/09\/pdf_icon.png\" title=\"G\u00e9n\u00e9rer un PDF\" style=\"width:auto; height:45px;\"><\/a>\n\t\t<\/div>","protected":false},"excerpt":{"rendered":"<p>3 diff\u00e9rantes modes et possible de tester jusque 3 servos en m\u00eame temps. petit et pratique pour l&rsquo;at\u00e9lier et dehors Input: 4.8 &#8211; 8.4 Volt<\/p>\n","protected":false},"featured_media":29008,"template":"","meta":[],"product_brand":[],"product_cat":[1505,1549,1556],"product_tag":[],"class_list":{"0":"post-12794","1":"product","2":"type-product","3":"status-publish","4":"has-post-thumbnail","6":"product_cat-accessoires-servos","7":"product_cat-electronique","8":"product_cat-tester-servos","10":"first","11":"instock","12":"shipping-taxable","13":"product-type-simple"},"_links":{"self":[{"href":"https:\/\/www.speedmodels.ch\/fr\/wp-json\/wp\/v2\/product\/12794","targetHints":{"allow":["GET"]}}],"collection":[{"href":"https:\/\/www.speedmodels.ch\/fr\/wp-json\/wp\/v2\/product"}],"about":[{"href":"https:\/\/www.speedmodels.ch\/fr\/wp-json\/wp\/v2\/types\/product"}],"version-history":[{"count":0,"href":"https:\/\/www.speedmodels.ch\/fr\/wp-json\/wp\/v2\/product\/12794\/revisions"}],"wp:featuredmedia":[{"embeddable":true,"href":"https:\/\/www.speedmodels.ch\/fr\/wp-json\/wp\/v2\/media\/29008"}],"wp:attachment":[{"href":"https:\/\/www.speedmodels.ch\/fr\/wp-json\/wp\/v2\/media?parent=12794"}],"wp:term":[{"taxonomy":"product_brand","embeddable":true,"href":"https:\/\/www.speedmodels.ch\/fr\/wp-json\/wp\/v2\/product_brand?post=12794"},{"taxonomy":"product_cat","embeddable":true,"href":"https:\/\/www.speedmodels.ch\/fr\/wp-json\/wp\/v2\/product_cat?post=12794"},{"taxonomy":"product_tag","embeddable":true,"href":"https:\/\/www.speedmodels.ch\/fr\/wp-json\/wp\/v2\/product_tag?post=12794"}],"curies":[{"name":"wp","href":"https:\/\/api.w.org\/{rel}","templated":true}]}}