{"id":12487,"date":"2022-08-30T09:11:50","date_gmt":"2022-08-30T09:11:50","guid":{"rendered":"https:\/\/speedmodels.ch.olympius.sui-inter.net\/produkte\/non%20class\u00e9\/palettes-euro-m132\/"},"modified":"2022-09-01T12:49:42","modified_gmt":"2022-09-01T12:49:42","slug":"palettes-euro-m132","status":"publish","type":"product","link":"https:\/\/www.speedmodels.ch\/fr\/produits\/accessoires\/accessoires-generals\/accessoires-pour-modeles\/palettes-euro-m132\/","title":{"rendered":"Palettes Euro M1:32"},"content":{"rendered":"<p>Kit compos\u00e9 de pi\u00e8ces en bois grav\u00e9es au laser avec gabarit et instructions, adapt\u00e9 aux mod\u00e8les RC tels que les chariots \u00e9l\u00e9vateurs en 1:14 ou comme \u00e9quipement pour la construction de maquettes de bateaux, emballage 2 pi\u00e8ces, environ 37.5 x 25 x 4.4 mm, \u00e9chelle 1:32.<\/p>\n<div style=\"text-align:left\" class=\"wps-pgfw-pdf-generate-icon__wrapper-frontend\">\n\t\t<a href=\"https:\/\/www.speedmodels.ch\/fr\/wp-json\/wp\/v2\/product\/12487\/?action=genpdf&amp;id=12487\" class=\"pgfw-single-pdf-download-button\" target=_blank><img src=\"https:\/\/speedmodels.ch\/wp-content\/uploads\/2021\/09\/pdf_icon.png\" title=\"G\u00e9n\u00e9rer un PDF\" style=\"width:auto; height:45px;\"><\/a>\n\t\t<\/div>","protected":false},"excerpt":{"rendered":"<p>Kit compos\u00e9 de pi\u00e8ces en bois grav\u00e9es au laser avec gabarit et instructions, adapt\u00e9 aux mod\u00e8les RC tels que les chariots \u00e9l\u00e9vateurs en 1:14 ou comme \u00e9quipement pour la construction de maquettes de bateaux, emballage 2 pi\u00e8ces, environ 37.5 x 25 x 4.4 mm, \u00e9chelle 1:32.<\/p>\n","protected":false},"featured_media":12381,"template":"","meta":[],"product_brand":[],"product_cat":[1544,1545],"product_tag":[],"class_list":{"0":"post-12487","1":"product","2":"type-product","3":"status-publish","4":"has-post-thumbnail","6":"product_cat-accessoires-generals","7":"product_cat-accessoires-pour-modeles","9":"first","10":"instock","11":"shipping-taxable","12":"product-type-simple"},"_links":{"self":[{"href":"https:\/\/www.speedmodels.ch\/fr\/wp-json\/wp\/v2\/product\/12487","targetHints":{"allow":["GET"]}}],"collection":[{"href":"https:\/\/www.speedmodels.ch\/fr\/wp-json\/wp\/v2\/product"}],"about":[{"href":"https:\/\/www.speedmodels.ch\/fr\/wp-json\/wp\/v2\/types\/product"}],"version-history":[{"count":0,"href":"https:\/\/www.speedmodels.ch\/fr\/wp-json\/wp\/v2\/product\/12487\/revisions"}],"wp:featuredmedia":[{"embeddable":true,"href":"https:\/\/www.speedmodels.ch\/fr\/wp-json\/wp\/v2\/media\/12381"}],"wp:attachment":[{"href":"https:\/\/www.speedmodels.ch\/fr\/wp-json\/wp\/v2\/media?parent=12487"}],"wp:term":[{"taxonomy":"product_brand","embeddable":true,"href":"https:\/\/www.speedmodels.ch\/fr\/wp-json\/wp\/v2\/product_brand?post=12487"},{"taxonomy":"product_cat","embeddable":true,"href":"https:\/\/www.speedmodels.ch\/fr\/wp-json\/wp\/v2\/product_cat?post=12487"},{"taxonomy":"product_tag","embeddable":true,"href":"https:\/\/www.speedmodels.ch\/fr\/wp-json\/wp\/v2\/product_tag?post=12487"}],"curies":[{"name":"wp","href":"https:\/\/api.w.org\/{rel}","templated":true}]}}