{"id":12481,"date":"2022-08-30T12:24:40","date_gmt":"2022-08-30T12:24:40","guid":{"rendered":"https:\/\/speedmodels.ch.olympius.sui-inter.net\/produkte\/non%20class\u00e9\/instrument-de-cockpit-moderne-13\/"},"modified":"2022-09-01T12:36:58","modified_gmt":"2022-09-01T12:36:58","slug":"instruments-de-cockpit-moderne-13","status":"publish","type":"product","link":"https:\/\/www.speedmodels.ch\/fr\/produits\/accessoires\/accessoires-generals\/accessoires-pour-modeles\/instruments-de-cockpit-moderne-13\/","title":{"rendered":"Instrument de cockpit moderne 1:3"},"content":{"rendered":"<p>Les instruments pour les avions sont liv\u00e9s en kit. Le kit contient les pi\u00e8ces coup\u00e9es en laser et les autocollants pour 4 instruments petits et 3 instruments grands. Ces Instruments avec une optique moderne sont adapt\u00e9s aux mod\u00e8les d\u2019avions en \u00e9chelle ca. 1:3.<br \/>\nDes effets de peinture appropri\u00e9s peuvent cr\u00e9er un aspect us\u00e9 fid\u00e8le \u00e0 l&rsquo;original ou \u00e0 un tout nouveau travail de peinture. Il n&rsquo;y a pas de limites \u00e0 l&rsquo;adaptation au mod\u00e8le de vol.<\/p>\n<div style=\"text-align:left\" class=\"wps-pgfw-pdf-generate-icon__wrapper-frontend\">\n\t\t<a href=\"https:\/\/www.speedmodels.ch\/fr\/wp-json\/wp\/v2\/product\/12481\/?action=genpdf&amp;id=12481\" class=\"pgfw-single-pdf-download-button\" target=_blank><img src=\"https:\/\/speedmodels.ch\/wp-content\/uploads\/2021\/09\/pdf_icon.png\" title=\"G\u00e9n\u00e9rer un PDF\" style=\"width:auto; height:45px;\"><\/a>\n\t\t<\/div>","protected":false},"excerpt":{"rendered":"<p>Les instruments pour les avions sont liv\u00e9s en kit. Le kit contient les pi\u00e8ces coup\u00e9es en laser et les autocollants pour 4 instruments petits et 3 instruments grands. Ces Instruments avec une optique moderne sont adapt\u00e9s aux mod\u00e8les d\u2019avions en \u00e9chelle ca. 1:3. Des effets de peinture appropri\u00e9s peuvent cr\u00e9er un aspect us\u00e9 fid\u00e8le \u00e0 [&hellip;]<\/p>\n","protected":false},"featured_media":12435,"template":"","meta":[],"product_brand":[],"product_cat":[1544,1545],"product_tag":[],"class_list":{"0":"post-12481","1":"product","2":"type-product","3":"status-publish","4":"has-post-thumbnail","6":"product_cat-accessoires-generals","7":"product_cat-accessoires-pour-modeles","9":"first","10":"instock","11":"shipping-taxable","12":"product-type-simple"},"_links":{"self":[{"href":"https:\/\/www.speedmodels.ch\/fr\/wp-json\/wp\/v2\/product\/12481","targetHints":{"allow":["GET"]}}],"collection":[{"href":"https:\/\/www.speedmodels.ch\/fr\/wp-json\/wp\/v2\/product"}],"about":[{"href":"https:\/\/www.speedmodels.ch\/fr\/wp-json\/wp\/v2\/types\/product"}],"version-history":[{"count":0,"href":"https:\/\/www.speedmodels.ch\/fr\/wp-json\/wp\/v2\/product\/12481\/revisions"}],"wp:featuredmedia":[{"embeddable":true,"href":"https:\/\/www.speedmodels.ch\/fr\/wp-json\/wp\/v2\/media\/12435"}],"wp:attachment":[{"href":"https:\/\/www.speedmodels.ch\/fr\/wp-json\/wp\/v2\/media?parent=12481"}],"wp:term":[{"taxonomy":"product_brand","embeddable":true,"href":"https:\/\/www.speedmodels.ch\/fr\/wp-json\/wp\/v2\/product_brand?post=12481"},{"taxonomy":"product_cat","embeddable":true,"href":"https:\/\/www.speedmodels.ch\/fr\/wp-json\/wp\/v2\/product_cat?post=12481"},{"taxonomy":"product_tag","embeddable":true,"href":"https:\/\/www.speedmodels.ch\/fr\/wp-json\/wp\/v2\/product_tag?post=12481"}],"curies":[{"name":"wp","href":"https:\/\/api.w.org\/{rel}","templated":true}]}}