{"id":12476,"date":"2022-08-30T12:33:28","date_gmt":"2022-08-30T12:33:28","guid":{"rendered":"https:\/\/speedmodels.ch.olympius.sui-inter.net\/produkte\/non class\u00e9\/instrument-de-cockpit-classique-16\/"},"modified":"2022-08-30T12:33:28","modified_gmt":"2022-08-30T12:33:28","slug":"instrument-de-cockpit-classique-16","status":"publish","type":"product","link":"https:\/\/www.speedmodels.ch\/fr\/produits\/accessoires\/accessoires-generals\/accessoires-pour-modeles\/instrument-de-cockpit-classique-16\/","title":{"rendered":"Instrument de cockpit classique 1:6"},"content":{"rendered":"<p>Les instruments pour les avions sont liv\u00e9s en kit. Le kit contient les pi\u00e8ces coup\u00e9es en laser et les autocollants pour 4 instruments petits et 3 instruments grands. Ces Instruments avec une optique classique sont adapt\u00e9s aux mod\u00e8les d&rsquo;avions en \u00e9chelle ca. 1:6.<br \/>\nDes effets de peinture appropri\u00e9s peuvent cr\u00e9er un aspect us\u00e9 fid\u00e8le \u00e0 l&rsquo;original ou \u00e0 un tout nouveau travail de peinture. Il n&rsquo;y a pas de limites \u00e0 l&rsquo;adaptation au mod\u00e8le de vol.<\/p>\n<div style=\"text-align:left\" class=\"wps-pgfw-pdf-generate-icon__wrapper-frontend\">\n\t\t<a href=\"https:\/\/www.speedmodels.ch\/fr\/wp-json\/wp\/v2\/product\/12476\/?action=genpdf&amp;id=12476\" class=\"pgfw-single-pdf-download-button\" target=_blank><img src=\"https:\/\/speedmodels.ch\/wp-content\/uploads\/2021\/09\/pdf_icon.png\" title=\"G\u00e9n\u00e9rer un PDF\" style=\"width:auto; height:45px;\"><\/a>\n\t\t<\/div>","protected":false},"excerpt":{"rendered":"<p>Les instruments pour les avions sont liv\u00e9s en kit. Le kit contient les pi\u00e8ces coup\u00e9es en laser et les autocollants pour 4 instruments petits et 3 instruments grands. Ces Instruments avec une optique classique sont adapt\u00e9s aux mod\u00e8les d&rsquo;avions en \u00e9chelle ca. 1:6. Des effets de peinture appropri\u00e9s peuvent cr\u00e9er un aspect us\u00e9 fid\u00e8le \u00e0 [&hellip;]<\/p>\n","protected":false},"featured_media":12425,"template":"","meta":[],"product_brand":[],"product_cat":[1544,1545],"product_tag":[],"class_list":{"0":"post-12476","1":"product","2":"type-product","3":"status-publish","4":"has-post-thumbnail","6":"product_cat-accessoires-generals","7":"product_cat-accessoires-pour-modeles","9":"first","10":"instock","11":"shipping-taxable","12":"product-type-simple"},"_links":{"self":[{"href":"https:\/\/www.speedmodels.ch\/fr\/wp-json\/wp\/v2\/product\/12476","targetHints":{"allow":["GET"]}}],"collection":[{"href":"https:\/\/www.speedmodels.ch\/fr\/wp-json\/wp\/v2\/product"}],"about":[{"href":"https:\/\/www.speedmodels.ch\/fr\/wp-json\/wp\/v2\/types\/product"}],"version-history":[{"count":0,"href":"https:\/\/www.speedmodels.ch\/fr\/wp-json\/wp\/v2\/product\/12476\/revisions"}],"wp:featuredmedia":[{"embeddable":true,"href":"https:\/\/www.speedmodels.ch\/fr\/wp-json\/wp\/v2\/media\/12425"}],"wp:attachment":[{"href":"https:\/\/www.speedmodels.ch\/fr\/wp-json\/wp\/v2\/media?parent=12476"}],"wp:term":[{"taxonomy":"product_brand","embeddable":true,"href":"https:\/\/www.speedmodels.ch\/fr\/wp-json\/wp\/v2\/product_brand?post=12476"},{"taxonomy":"product_cat","embeddable":true,"href":"https:\/\/www.speedmodels.ch\/fr\/wp-json\/wp\/v2\/product_cat?post=12476"},{"taxonomy":"product_tag","embeddable":true,"href":"https:\/\/www.speedmodels.ch\/fr\/wp-json\/wp\/v2\/product_tag?post=12476"}],"curies":[{"name":"wp","href":"https:\/\/api.w.org\/{rel}","templated":true}]}}