{"id":12473,"date":"2022-08-29T14:00:00","date_gmt":"2022-08-29T14:00:00","guid":{"rendered":"https:\/\/speedmodels.ch.olympius.sui-inter.net\/produkte\/non class\u00e9\/roude-de-demarrage-oe-100-mm\/"},"modified":"2022-08-29T14:00:00","modified_gmt":"2022-08-29T14:00:00","slug":"roue-de-demarrage-oe-100-mm","status":"publish","type":"product","link":"https:\/\/www.speedmodels.ch\/fr\/produits\/entrainement-et-accessoires\/accessoires-moteur-thermique\/accessoires-demarreur\/roue-de-demarrage-oe-100-mm\/","title":{"rendered":"Roude de d\u00e9marrage \u00d8 100 mm"},"content":{"rendered":"<p>Roue de d\u00e9marrage avec moyeu en alu \u00d8 100 mm<\/p>\n<p>emballage de 1pcs<\/p>\n<p>&nbsp;<\/p>\n<div style=\"text-align:left\" class=\"wps-pgfw-pdf-generate-icon__wrapper-frontend\">\n\t\t<a href=\"https:\/\/www.speedmodels.ch\/fr\/wp-json\/wp\/v2\/product\/12473\/?action=genpdf&amp;id=12473\" class=\"pgfw-single-pdf-download-button\" target=_blank><img src=\"https:\/\/speedmodels.ch\/wp-content\/uploads\/2021\/09\/pdf_icon.png\" title=\"G\u00e9n\u00e9rer un PDF\" style=\"width:auto; height:45px;\"><\/a>\n\t\t<\/div>","protected":false},"excerpt":{"rendered":"<p>Roue de d\u00e9marrage avec moyeu en alu \u00d8 100 mm emballage de 1pcs &nbsp;<\/p>\n","protected":false},"featured_media":12248,"template":"","meta":[],"product_brand":[],"product_cat":[1526,1510,1528],"product_tag":[],"class_list":{"0":"post-12473","1":"product","2":"type-product","3":"status-publish","4":"has-post-thumbnail","6":"product_cat-accessoires-demarreur","7":"product_cat-accessoires-moteur-thermique","8":"product_cat-entrainement-et-accessoires","10":"first","11":"instock","12":"shipping-taxable","13":"product-type-simple"},"_links":{"self":[{"href":"https:\/\/www.speedmodels.ch\/fr\/wp-json\/wp\/v2\/product\/12473","targetHints":{"allow":["GET"]}}],"collection":[{"href":"https:\/\/www.speedmodels.ch\/fr\/wp-json\/wp\/v2\/product"}],"about":[{"href":"https:\/\/www.speedmodels.ch\/fr\/wp-json\/wp\/v2\/types\/product"}],"version-history":[{"count":0,"href":"https:\/\/www.speedmodels.ch\/fr\/wp-json\/wp\/v2\/product\/12473\/revisions"}],"wp:featuredmedia":[{"embeddable":true,"href":"https:\/\/www.speedmodels.ch\/fr\/wp-json\/wp\/v2\/media\/12248"}],"wp:attachment":[{"href":"https:\/\/www.speedmodels.ch\/fr\/wp-json\/wp\/v2\/media?parent=12473"}],"wp:term":[{"taxonomy":"product_brand","embeddable":true,"href":"https:\/\/www.speedmodels.ch\/fr\/wp-json\/wp\/v2\/product_brand?post=12473"},{"taxonomy":"product_cat","embeddable":true,"href":"https:\/\/www.speedmodels.ch\/fr\/wp-json\/wp\/v2\/product_cat?post=12473"},{"taxonomy":"product_tag","embeddable":true,"href":"https:\/\/www.speedmodels.ch\/fr\/wp-json\/wp\/v2\/product_tag?post=12473"}],"curies":[{"name":"wp","href":"https:\/\/api.w.org\/{rel}","templated":true}]}}