{"id":11959,"date":"2022-08-22T11:17:34","date_gmt":"2022-08-22T11:17:34","guid":{"rendered":"https:\/\/speedmodels.ch.olympius.sui-inter.net\/produkte\/non class\u00e9\/transmission-complet-15m\/"},"modified":"2022-08-22T11:17:34","modified_gmt":"2022-08-22T11:17:34","slug":"transmission-bowden-complet-15m","status":"publish","type":"product","link":"https:\/\/www.speedmodels.ch\/fr\/produits\/accessoires\/pour-avions\/transmission-bowden\/transmission-bowden-complet-15m\/","title":{"rendered":"Transmission complet 1,5m"},"content":{"rendered":"<p>Transmission Bowden complet, compos\u00e9 d&rsquo;un tube int\u00e9rieur nylon blanc 2 x 1 mm, un tube ext\u00e9rieur nylon rouge 3 x 2.2 mm, un embout M2 serr\u00e9 avec \u00e9crou M2 et unu chape acier<\/p>\n<p>longueur 1,5m<\/p>\n<p>emballage 1set<\/p>\n<p>&nbsp;<\/p>\n<div style=\"text-align:left\" class=\"wps-pgfw-pdf-generate-icon__wrapper-frontend\">\n\t\t<a href=\"https:\/\/www.speedmodels.ch\/fr\/wp-json\/wp\/v2\/product\/11959\/?action=genpdf&amp;id=11959\" class=\"pgfw-single-pdf-download-button\" target=_blank><img src=\"https:\/\/speedmodels.ch\/wp-content\/uploads\/2021\/09\/pdf_icon.png\" title=\"G\u00e9n\u00e9rer un PDF\" style=\"width:auto; height:45px;\"><\/a>\n\t\t<\/div>","protected":false},"excerpt":{"rendered":"<p>Transmission Bowden complet, compos\u00e9 d&rsquo;un tube int\u00e9rieur nylon blanc 2 x 1 mm, un tube ext\u00e9rieur nylon rouge 3 x 2.2 mm, un embout M2 serr\u00e9 avec \u00e9crou M2 et unu chape acier longueur 1,5m emballage 1set &nbsp;<\/p>\n","protected":false},"featured_media":11844,"template":"","meta":[],"product_brand":[],"product_cat":[1518,1519,1537],"product_tag":[],"class_list":{"0":"post-11959","1":"product","2":"type-product","3":"status-publish","4":"has-post-thumbnail","6":"product_cat-accessoires","7":"product_cat-pour-avions","8":"product_cat-transmission-bowden","10":"first","11":"instock","12":"shipping-taxable","13":"product-type-simple"},"_links":{"self":[{"href":"https:\/\/www.speedmodels.ch\/fr\/wp-json\/wp\/v2\/product\/11959","targetHints":{"allow":["GET"]}}],"collection":[{"href":"https:\/\/www.speedmodels.ch\/fr\/wp-json\/wp\/v2\/product"}],"about":[{"href":"https:\/\/www.speedmodels.ch\/fr\/wp-json\/wp\/v2\/types\/product"}],"version-history":[{"count":0,"href":"https:\/\/www.speedmodels.ch\/fr\/wp-json\/wp\/v2\/product\/11959\/revisions"}],"wp:featuredmedia":[{"embeddable":true,"href":"https:\/\/www.speedmodels.ch\/fr\/wp-json\/wp\/v2\/media\/11844"}],"wp:attachment":[{"href":"https:\/\/www.speedmodels.ch\/fr\/wp-json\/wp\/v2\/media?parent=11959"}],"wp:term":[{"taxonomy":"product_brand","embeddable":true,"href":"https:\/\/www.speedmodels.ch\/fr\/wp-json\/wp\/v2\/product_brand?post=11959"},{"taxonomy":"product_cat","embeddable":true,"href":"https:\/\/www.speedmodels.ch\/fr\/wp-json\/wp\/v2\/product_cat?post=11959"},{"taxonomy":"product_tag","embeddable":true,"href":"https:\/\/www.speedmodels.ch\/fr\/wp-json\/wp\/v2\/product_tag?post=11959"}],"curies":[{"name":"wp","href":"https:\/\/api.w.org\/{rel}","templated":true}]}}