{"id":11387,"date":"2022-08-15T11:20:02","date_gmt":"2022-08-15T11:20:02","guid":{"rendered":"https:\/\/speedmodels.ch.olympius.sui-inter.net\/produkte\/non%20class\u00e9\/pompe-electrique-skywriter-pour-la-fumee\/"},"modified":"2024-01-04T13:10:28","modified_gmt":"2024-01-04T13:10:28","slug":"pompe-electrique-pour-la-fumee-skywriter","status":"publish","type":"product","link":"https:\/\/www.speedmodels.ch\/fr\/produits\/entrainement-et-accessoires\/accessoires-moteur-thermique\/pompes\/pompe-electrique-pour-la-fumee-skywriter\/","title":{"rendered":"Pompe \u00e9lectrique SkyWriter pour la fum\u00e9e"},"content":{"rendered":"<p><strong>Prix de liquidation <span style=\"color: #ff0000;\">Fr. 125.00 incl. TVA <\/span>.<\/strong><br \/>\n<strong>(jusqu\u2019\u00e0 \u00e9puisement des stock \/ articles fin de s\u00e9rie ne sont pas repris ou \u00e9chang\u00e9 \/ pi\u00e8ces d\u00e9tach\u00e9es jusqu\u2019\u00e0 \u00e9puisement des stock).<\/strong><br \/>\n<strong>Pas de ventre directe!<\/strong><\/p>\n<p>pompe \u00e9lectrique SkyWriter pour la fum\u00e9e Entra\u00eenement \u00e9lectronique \u00e0 impulsions contr\u00f4l\u00e9 par microprocesseur. Quantit\u00e9 de fum\u00e9e r\u00e9glable \u00e0 distance par l&rsquo;interm\u00e9diaire d&rsquo;un \u00e9metteur programmable.<\/p>\n<p>poids: 110 gr.<br \/>\ngrandeur: 96 x 36 x 35 mm<br \/>\nalimentation avec 6 &#8211; 12 Volt. <strong>optimale avec 9.6 Volt!<\/strong><\/p>\n<p>inclu: divers accessoires (tube Tygon, filtre, pince etc)<\/p>\n<div style=\"text-align:left\" class=\"wps-pgfw-pdf-generate-icon__wrapper-frontend\">\n\t\t<a href=\"https:\/\/www.speedmodels.ch\/fr\/wp-json\/wp\/v2\/product\/11387\/?action=genpdf&amp;id=11387\" class=\"pgfw-single-pdf-download-button\" target=_blank><img src=\"https:\/\/speedmodels.ch\/wp-content\/uploads\/2021\/09\/pdf_icon.png\" title=\"G\u00e9n\u00e9rer un PDF\" style=\"width:auto; height:45px;\"><\/a>\n\t\t<\/div>","protected":false},"excerpt":{"rendered":"<p>Prix de liquidation Fr. 125.00 incl. TVA . (jusqu\u2019\u00e0 \u00e9puisement des stock \/ articles fin de s\u00e9rie ne sont pas repris ou \u00e9chang\u00e9 \/ pi\u00e8ces d\u00e9tach\u00e9es jusqu\u2019\u00e0 \u00e9puisement des stock). Pas de ventre directe! pompe \u00e9lectrique SkyWriter pour la fum\u00e9e Entra\u00eenement \u00e9lectronique \u00e0 impulsions contr\u00f4l\u00e9 par microprocesseur. Quantit\u00e9 de fum\u00e9e r\u00e9glable \u00e0 distance par l&rsquo;interm\u00e9diaire [&hellip;]<\/p>\n","protected":false},"featured_media":11006,"template":"","meta":[],"product_brand":[],"product_cat":[1510,1856,1528,1529],"product_tag":[],"class_list":{"0":"post-11387","1":"product","2":"type-product","3":"status-publish","4":"has-post-thumbnail","6":"product_cat-accessoires-moteur-thermique","7":"product_cat-article-fin-de-serie","8":"product_cat-entrainement-et-accessoires","9":"product_cat-pompes","11":"first","12":"instock","13":"shipping-taxable","14":"product-type-simple"},"_links":{"self":[{"href":"https:\/\/www.speedmodels.ch\/fr\/wp-json\/wp\/v2\/product\/11387","targetHints":{"allow":["GET"]}}],"collection":[{"href":"https:\/\/www.speedmodels.ch\/fr\/wp-json\/wp\/v2\/product"}],"about":[{"href":"https:\/\/www.speedmodels.ch\/fr\/wp-json\/wp\/v2\/types\/product"}],"version-history":[{"count":0,"href":"https:\/\/www.speedmodels.ch\/fr\/wp-json\/wp\/v2\/product\/11387\/revisions"}],"wp:featuredmedia":[{"embeddable":true,"href":"https:\/\/www.speedmodels.ch\/fr\/wp-json\/wp\/v2\/media\/11006"}],"wp:attachment":[{"href":"https:\/\/www.speedmodels.ch\/fr\/wp-json\/wp\/v2\/media?parent=11387"}],"wp:term":[{"taxonomy":"product_brand","embeddable":true,"href":"https:\/\/www.speedmodels.ch\/fr\/wp-json\/wp\/v2\/product_brand?post=11387"},{"taxonomy":"product_cat","embeddable":true,"href":"https:\/\/www.speedmodels.ch\/fr\/wp-json\/wp\/v2\/product_cat?post=11387"},{"taxonomy":"product_tag","embeddable":true,"href":"https:\/\/www.speedmodels.ch\/fr\/wp-json\/wp\/v2\/product_tag?post=11387"}],"curies":[{"name":"wp","href":"https:\/\/api.w.org\/{rel}","templated":true}]}}