{"id":11384,"date":"2022-08-15T10:00:22","date_gmt":"2022-08-15T10:00:22","guid":{"rendered":"https:\/\/speedmodels.ch.olympius.sui-inter.net\/produkte\/non%20class\u00e9\/cone-pour-demarreur-dynatron\/"},"modified":"2024-01-04T13:20:21","modified_gmt":"2024-01-04T13:20:21","slug":"cone-pour-demarreur-dynatron","status":"publish","type":"product","link":"https:\/\/www.speedmodels.ch\/fr\/produits\/entrainement-et-accessoires\/accessoires-moteur-thermique\/accessoires-demarreur\/cone-pour-demarreur-dynatron\/","title":{"rendered":"C\u00f4ne pour d\u00e9marreur Dynatron"},"content":{"rendered":"<p><strong>Prix de liquidation <span style=\"color: #ff0000;\">Fr. 13.80 incl. TVA <\/span>.<\/strong><br \/>\n<strong>(jusqu\u2019\u00e0 \u00e9puisement des stock \/ articles fin de s\u00e9rie ne sont pas repris ou \u00e9chang\u00e9 \/ pi\u00e8ces d\u00e9tach\u00e9es jusqu\u2019\u00e0 \u00e9puisement des stock).<\/strong><br \/>\n<strong>Pas de ventre directe!<\/strong><\/p>\n<p>c\u00f4ne en alu pour d\u00e9marreur Dynatron 12 V avec fente frais\u00e9e pour une courroie de d\u00e9marrage<\/p>\n<div style=\"text-align:left\" class=\"wps-pgfw-pdf-generate-icon__wrapper-frontend\">\n\t\t<a href=\"https:\/\/www.speedmodels.ch\/fr\/wp-json\/wp\/v2\/product\/11384\/?action=genpdf&amp;id=11384\" class=\"pgfw-single-pdf-download-button\" target=_blank><img src=\"https:\/\/speedmodels.ch\/wp-content\/uploads\/2021\/09\/pdf_icon.png\" title=\"G\u00e9n\u00e9rer un PDF\" style=\"width:auto; height:45px;\"><\/a>\n\t\t<\/div>","protected":false},"excerpt":{"rendered":"<p>Prix de liquidation Fr. 13.80 incl. TVA . (jusqu\u2019\u00e0 \u00e9puisement des stock \/ articles fin de s\u00e9rie ne sont pas repris ou \u00e9chang\u00e9 \/ pi\u00e8ces d\u00e9tach\u00e9es jusqu\u2019\u00e0 \u00e9puisement des stock). Pas de ventre directe! c\u00f4ne en alu pour d\u00e9marreur Dynatron 12 V avec fente frais\u00e9e pour une courroie de d\u00e9marrage<\/p>\n","protected":false},"featured_media":10992,"template":"","meta":[],"product_brand":[],"product_cat":[1526,1510,1856],"product_tag":[],"class_list":{"0":"post-11384","1":"product","2":"type-product","3":"status-publish","4":"has-post-thumbnail","6":"product_cat-accessoires-demarreur","7":"product_cat-accessoires-moteur-thermique","8":"product_cat-article-fin-de-serie","10":"first","11":"instock","12":"shipping-taxable","13":"product-type-simple"},"_links":{"self":[{"href":"https:\/\/www.speedmodels.ch\/fr\/wp-json\/wp\/v2\/product\/11384","targetHints":{"allow":["GET"]}}],"collection":[{"href":"https:\/\/www.speedmodels.ch\/fr\/wp-json\/wp\/v2\/product"}],"about":[{"href":"https:\/\/www.speedmodels.ch\/fr\/wp-json\/wp\/v2\/types\/product"}],"version-history":[{"count":0,"href":"https:\/\/www.speedmodels.ch\/fr\/wp-json\/wp\/v2\/product\/11384\/revisions"}],"wp:featuredmedia":[{"embeddable":true,"href":"https:\/\/www.speedmodels.ch\/fr\/wp-json\/wp\/v2\/media\/10992"}],"wp:attachment":[{"href":"https:\/\/www.speedmodels.ch\/fr\/wp-json\/wp\/v2\/media?parent=11384"}],"wp:term":[{"taxonomy":"product_brand","embeddable":true,"href":"https:\/\/www.speedmodels.ch\/fr\/wp-json\/wp\/v2\/product_brand?post=11384"},{"taxonomy":"product_cat","embeddable":true,"href":"https:\/\/www.speedmodels.ch\/fr\/wp-json\/wp\/v2\/product_cat?post=11384"},{"taxonomy":"product_tag","embeddable":true,"href":"https:\/\/www.speedmodels.ch\/fr\/wp-json\/wp\/v2\/product_tag?post=11384"}],"curies":[{"name":"wp","href":"https:\/\/api.w.org\/{rel}","templated":true}]}}