{"id":11091,"date":"2022-07-07T14:02:35","date_gmt":"2022-07-07T14:02:35","guid":{"rendered":"https:\/\/speedmodels.ch.olympius.sui-inter.net\/produkte\/non class\u00e9\/boite-de-configuration-actro-marine\/"},"modified":"2022-07-07T14:02:35","modified_gmt":"2022-07-07T14:02:35","slug":"setup-box-actro-marine-2","status":"publish","type":"product","link":"https:\/\/www.speedmodels.ch\/fr\/produits\/entrainement-et-accessoires\/variateur\/bateaux\/setup-box-actro-marine-2\/","title":{"rendered":"bo\u00eete de configuration actro-marine"},"content":{"rendered":"<p><strong>bo\u00eete de configutation pour variateur actro-marine<\/strong><\/p>\n<p>Pour programmer les contr\u00f4leurs actro-marine avec de nombreuses options en termes de source d&rsquo;alimentation (tension de coupure), de sens de marche, de valeurs d&rsquo;acc\u00e9l\u00e9ration, de r\u00e9glages de frein et bien plus encore. Un outil utile pour tous les contr\u00f4leurs d&rsquo;actro-marine.<\/p>\n<p>&nbsp;<\/p>\n<div style=\"text-align:left\" class=\"wps-pgfw-pdf-generate-icon__wrapper-frontend\">\n\t\t<a href=\"https:\/\/www.speedmodels.ch\/fr\/wp-json\/wp\/v2\/product\/11091\/?action=genpdf&amp;id=11091\" class=\"pgfw-single-pdf-download-button\" target=_blank><img src=\"https:\/\/speedmodels.ch\/wp-content\/uploads\/2021\/09\/pdf_icon.png\" title=\"G\u00e9n\u00e9rer un PDF\" style=\"width:auto; height:45px;\"><\/a>\n\t\t<\/div>","protected":false},"excerpt":{"rendered":"<p>bo\u00eete de configutation pour variateur actro-marine Pour programmer les contr\u00f4leurs actro-marine avec de nombreuses options en termes de source d&rsquo;alimentation (tension de coupure), de sens de marche, de valeurs d&rsquo;acc\u00e9l\u00e9ration, de r\u00e9glages de frein et bien plus encore. Un outil utile pour tous les contr\u00f4leurs d&rsquo;actro-marine. &nbsp;<\/p>\n","protected":false},"featured_media":10521,"template":"","meta":[],"product_brand":[],"product_cat":[1517,1515],"product_tag":[],"class_list":{"0":"post-11091","1":"product","2":"type-product","3":"status-publish","4":"has-post-thumbnail","6":"product_cat-bateaux","7":"product_cat-variateur","9":"first","10":"instock","11":"shipping-taxable","12":"product-type-simple"},"_links":{"self":[{"href":"https:\/\/www.speedmodels.ch\/fr\/wp-json\/wp\/v2\/product\/11091","targetHints":{"allow":["GET"]}}],"collection":[{"href":"https:\/\/www.speedmodels.ch\/fr\/wp-json\/wp\/v2\/product"}],"about":[{"href":"https:\/\/www.speedmodels.ch\/fr\/wp-json\/wp\/v2\/types\/product"}],"version-history":[{"count":0,"href":"https:\/\/www.speedmodels.ch\/fr\/wp-json\/wp\/v2\/product\/11091\/revisions"}],"wp:featuredmedia":[{"embeddable":true,"href":"https:\/\/www.speedmodels.ch\/fr\/wp-json\/wp\/v2\/media\/10521"}],"wp:attachment":[{"href":"https:\/\/www.speedmodels.ch\/fr\/wp-json\/wp\/v2\/media?parent=11091"}],"wp:term":[{"taxonomy":"product_brand","embeddable":true,"href":"https:\/\/www.speedmodels.ch\/fr\/wp-json\/wp\/v2\/product_brand?post=11091"},{"taxonomy":"product_cat","embeddable":true,"href":"https:\/\/www.speedmodels.ch\/fr\/wp-json\/wp\/v2\/product_cat?post=11091"},{"taxonomy":"product_tag","embeddable":true,"href":"https:\/\/www.speedmodels.ch\/fr\/wp-json\/wp\/v2\/product_tag?post=11091"}],"curies":[{"name":"wp","href":"https:\/\/api.w.org\/{rel}","templated":true}]}}