{"id":11090,"date":"2022-07-07T14:00:57","date_gmt":"2022-07-07T14:00:57","guid":{"rendered":"https:\/\/speedmodels.ch.olympius.sui-inter.net\/produkte\/non%20class\u00e9\/variateur-actro-marine-80-a\/"},"modified":"2023-11-09T11:09:20","modified_gmt":"2023-11-09T11:09:20","slug":"variateur-actro-marine-80-a","status":"publish","type":"product","link":"https:\/\/www.speedmodels.ch\/fr\/produits\/entrainement-et-accessoires\/variateur\/bateaux\/variateur-actro-marine-80-a\/","title":{"rendered":"variateur actro-marine 80 A"},"content":{"rendered":"<p><strong>variateur actro-marine 80 A \/ avant &#8211; arri\u00e8re<\/strong><\/p>\n<p>Les contr\u00f4leurs actro-marine \u00e9tablissent de nouvelles normes pour les constructeurs de mod\u00e8les de navires. Adapt\u00e9s aux moteurs actro-n, les contr\u00f4leurs offrent la transmission parfaite pour votre bateau. Avec des options de programmation \u00e9tendues, ces contr\u00f4leurs peuvent \u00eatre utilis\u00e9s pour tous les types de bateaux et conviennent \u00e9galement aux bateaux de course. Avec les valeurs extraordinairement \u00e9lev\u00e9es de l&rsquo;alimentation BEC, une grande vari\u00e9t\u00e9 de structures de navires prend vie &#8211; sans avoir \u00e0 connecter une source d&rsquo;alimentation s\u00e9par\u00e9e pour cela.<\/p>\n<p>Le contr\u00f4leur est livr\u00e9 pr\u00e9-soud\u00e9 avec des fiches. moteur: or 4mm, accu: XT-90<\/p>\n<p>Les contr\u00f4leurs sont d\u00e9j\u00e0 programm\u00e9s de sorte qu&rsquo;aucun r\u00e9glage suppl\u00e9mentaire n&rsquo;est n\u00e9cessaire pour la plupart des applications de bateau. Si des param\u00e8tres individuels sont modifi\u00e9s, le bo\u00eetier de configuration actro-marine disponible en option (n\u00b0 de commande 7003\/40) est n\u00e9cessaire.<\/p>\n<p>&nbsp;<\/p>\n<table style=\"height: 326px\" width=\"386\">\n<tbody>\n<tr>\n<td width=\"238\"><strong>fiches t\u00e9chniques<\/strong><\/td>\n<td width=\"102\"><\/td>\n<\/tr>\n<tr>\n<td>tension de fonctionnement<\/td>\n<td>2 &#8211; 6 LiPo<\/td>\n<\/tr>\n<tr>\n<td>courant continue<\/td>\n<td>80 A<\/td>\n<\/tr>\n<tr>\n<td>courant max. momantan\u00e9<\/td>\n<td>110 A<\/td>\n<\/tr>\n<tr>\n<td>tension BEC<\/td>\n<td>5,5 V<\/td>\n<\/tr>\n<tr>\n<td>courant BEC<\/td>\n<td>6 A<\/td>\n<\/tr>\n<tr>\n<td>dimension environ<\/td>\n<td>60 x 36 x 26 mm<\/td>\n<\/tr>\n<tr>\n<td>poids avec c\u00e2ble et fiche envrion<\/td>\n<td>100 gr<\/td>\n<\/tr>\n<tr>\n<td>type<\/td>\n<td>brushless<\/td>\n<\/tr>\n<tr>\n<td>refroidissement \u00e0 eau<\/td>\n<td>oui<\/td>\n<\/tr>\n<\/tbody>\n<\/table>\n<p>&nbsp;<\/p>\n<div style=\"text-align:left\" class=\"wps-pgfw-pdf-generate-icon__wrapper-frontend\">\n\t\t<a href=\"https:\/\/www.speedmodels.ch\/fr\/wp-json\/wp\/v2\/product\/11090\/?action=genpdf&amp;id=11090\" class=\"pgfw-single-pdf-download-button\" target=_blank><img src=\"https:\/\/speedmodels.ch\/wp-content\/uploads\/2021\/09\/pdf_icon.png\" title=\"G\u00e9n\u00e9rer un PDF\" style=\"width:auto; height:45px;\"><\/a>\n\t\t<\/div>","protected":false},"excerpt":{"rendered":"<p>variateur actro-marine 80 A \/ avant &#8211; arri\u00e8re Les contr\u00f4leurs actro-marine \u00e9tablissent de nouvelles normes pour les constructeurs de mod\u00e8les de navires. Adapt\u00e9s aux moteurs actro-n, les contr\u00f4leurs offrent la transmission parfaite pour votre bateau. Avec des options de programmation \u00e9tendues, ces contr\u00f4leurs peuvent \u00eatre utilis\u00e9s pour tous les types de bateaux et conviennent \u00e9galement [&hellip;]<\/p>\n","protected":false},"featured_media":10526,"template":"","meta":[],"product_brand":[],"product_cat":[1517,1515],"product_tag":[],"class_list":{"0":"post-11090","1":"product","2":"type-product","3":"status-publish","4":"has-post-thumbnail","6":"product_cat-bateaux","7":"product_cat-variateur","9":"first","10":"instock","11":"shipping-taxable","12":"product-type-simple"},"_links":{"self":[{"href":"https:\/\/www.speedmodels.ch\/fr\/wp-json\/wp\/v2\/product\/11090","targetHints":{"allow":["GET"]}}],"collection":[{"href":"https:\/\/www.speedmodels.ch\/fr\/wp-json\/wp\/v2\/product"}],"about":[{"href":"https:\/\/www.speedmodels.ch\/fr\/wp-json\/wp\/v2\/types\/product"}],"version-history":[{"count":0,"href":"https:\/\/www.speedmodels.ch\/fr\/wp-json\/wp\/v2\/product\/11090\/revisions"}],"wp:featuredmedia":[{"embeddable":true,"href":"https:\/\/www.speedmodels.ch\/fr\/wp-json\/wp\/v2\/media\/10526"}],"wp:attachment":[{"href":"https:\/\/www.speedmodels.ch\/fr\/wp-json\/wp\/v2\/media?parent=11090"}],"wp:term":[{"taxonomy":"product_brand","embeddable":true,"href":"https:\/\/www.speedmodels.ch\/fr\/wp-json\/wp\/v2\/product_brand?post=11090"},{"taxonomy":"product_cat","embeddable":true,"href":"https:\/\/www.speedmodels.ch\/fr\/wp-json\/wp\/v2\/product_cat?post=11090"},{"taxonomy":"product_tag","embeddable":true,"href":"https:\/\/www.speedmodels.ch\/fr\/wp-json\/wp\/v2\/product_tag?post=11090"}],"curies":[{"name":"wp","href":"https:\/\/api.w.org\/{rel}","templated":true}]}}