{"id":11086,"date":"2022-07-07T13:43:51","date_gmt":"2022-07-07T13:43:51","guid":{"rendered":"https:\/\/speedmodels.ch.olympius.sui-inter.net\/produkte\/non class\u00e9\/variateur-actrocon-30-a\/"},"modified":"2022-07-07T13:43:51","modified_gmt":"2022-07-07T13:43:51","slug":"variateur-actrocon-30a","status":"publish","type":"product","link":"https:\/\/www.speedmodels.ch\/fr\/produits\/entrainement-et-accessoires\/variateur\/avions\/variateur-actrocon-30a\/","title":{"rendered":"variateur actrocon 30 A"},"content":{"rendered":"<p><strong>variateur actrocon 30 A<\/strong><\/p>\n<p>Adapt\u00e9s aux moteurs actro-n, mais aussi \u00e0 tous les autres moteurs brushless, les contr\u00f4leurs actrocon sont le contr\u00f4leur parfait pour votre entra\u00eenement. Avec un haut niveau de stabilit\u00e9 pour des courants maximaux, les contr\u00f4leurs conviennent aussi bien \u00e0 une utilisation robuste dans les planeurs \u00e9lectriques que dans les mod\u00e8les de moteurs plus petits. Les contr\u00f4leurs ont d\u00e9j\u00e0 des c\u00e2bles de connexion soud\u00e9s pour les batteries (XT-60) et des fiches dor\u00e9es de 3,5 mm pour la connexion du moteur. La programmation du contr\u00f4leur (r\u00e9glage de la trajectoire, frein moteur) s&rsquo;effectue directement via le syst\u00e8me RC.<\/p>\n<p>&nbsp;<\/p>\n<table width=\"340\">\n<tbody>\n<tr>\n<td width=\"238\"><strong>fiches t\u00e9chniques<\/strong><\/td>\n<td width=\"102\"><\/td>\n<\/tr>\n<tr>\n<td>tension de fonctionnement<\/td>\n<td>2 &#8211; 4 LiPo<\/td>\n<\/tr>\n<tr>\n<td>courant continue<\/td>\n<td>30 A<\/td>\n<\/tr>\n<tr>\n<td>courant max. momantan\u00e9<\/td>\n<td>40 A<\/td>\n<\/tr>\n<tr>\n<td>Tension BEC<\/td>\n<td>5,5 V<\/td>\n<\/tr>\n<tr>\n<td>crouant BEC<\/td>\n<td>4 A<\/td>\n<\/tr>\n<tr>\n<td>dimension environ<\/td>\n<td>49x24x9 mm<\/td>\n<\/tr>\n<tr>\n<td>poids avec c\u00e2ble et fiche envrion<\/td>\n<td>31 gr<\/td>\n<\/tr>\n<tr>\n<td>type<\/td>\n<td>brushless<\/td>\n<\/tr>\n<\/tbody>\n<\/table>\n<p>&nbsp;<\/p>\n<div style=\"text-align:left\" class=\"wps-pgfw-pdf-generate-icon__wrapper-frontend\">\n\t\t<a href=\"https:\/\/www.speedmodels.ch\/fr\/wp-json\/wp\/v2\/product\/11086\/?action=genpdf&amp;id=11086\" class=\"pgfw-single-pdf-download-button\" target=_blank><img src=\"https:\/\/speedmodels.ch\/wp-content\/uploads\/2021\/09\/pdf_icon.png\" title=\"G\u00e9n\u00e9rer un PDF\" style=\"width:auto; height:45px;\"><\/a>\n\t\t<\/div>","protected":false},"excerpt":{"rendered":"<p>variateur actrocon 30 A Adapt\u00e9s aux moteurs actro-n, mais aussi \u00e0 tous les autres moteurs brushless, les contr\u00f4leurs actrocon sont le contr\u00f4leur parfait pour votre entra\u00eenement. Avec un haut niveau de stabilit\u00e9 pour des courants maximaux, les contr\u00f4leurs conviennent aussi bien \u00e0 une utilisation robuste dans les planeurs \u00e9lectriques que dans les mod\u00e8les de moteurs [&hellip;]<\/p>\n","protected":false},"featured_media":10517,"template":"","meta":[],"product_brand":[],"product_cat":[1516,1515],"product_tag":[],"class_list":{"0":"post-11086","1":"product","2":"type-product","3":"status-publish","4":"has-post-thumbnail","6":"product_cat-avions","7":"product_cat-variateur","9":"first","10":"instock","11":"shipping-taxable","12":"product-type-simple"},"_links":{"self":[{"href":"https:\/\/www.speedmodels.ch\/fr\/wp-json\/wp\/v2\/product\/11086","targetHints":{"allow":["GET"]}}],"collection":[{"href":"https:\/\/www.speedmodels.ch\/fr\/wp-json\/wp\/v2\/product"}],"about":[{"href":"https:\/\/www.speedmodels.ch\/fr\/wp-json\/wp\/v2\/types\/product"}],"version-history":[{"count":0,"href":"https:\/\/www.speedmodels.ch\/fr\/wp-json\/wp\/v2\/product\/11086\/revisions"}],"wp:featuredmedia":[{"embeddable":true,"href":"https:\/\/www.speedmodels.ch\/fr\/wp-json\/wp\/v2\/media\/10517"}],"wp:attachment":[{"href":"https:\/\/www.speedmodels.ch\/fr\/wp-json\/wp\/v2\/media?parent=11086"}],"wp:term":[{"taxonomy":"product_brand","embeddable":true,"href":"https:\/\/www.speedmodels.ch\/fr\/wp-json\/wp\/v2\/product_brand?post=11086"},{"taxonomy":"product_cat","embeddable":true,"href":"https:\/\/www.speedmodels.ch\/fr\/wp-json\/wp\/v2\/product_cat?post=11086"},{"taxonomy":"product_tag","embeddable":true,"href":"https:\/\/www.speedmodels.ch\/fr\/wp-json\/wp\/v2\/product_tag?post=11086"}],"curies":[{"name":"wp","href":"https:\/\/api.w.org\/{rel}","templated":true}]}}