{"id":10709,"date":"2022-07-18T12:57:29","date_gmt":"2022-07-18T12:57:29","guid":{"rendered":"https:\/\/speedmodels.ch.olympius.sui-inter.net\/produkte\/non%20class\u00e9\/rallonge-de-servo-avec-crochet-jr-300-mm\/"},"modified":"2022-07-21T14:24:05","modified_gmt":"2022-07-21T14:24:05","slug":"rallonge-de-servo-avec-crochet-jr-300-mm","status":"publish","type":"product","link":"https:\/\/www.speedmodels.ch\/fr\/produits\/electronique\/servos-fr\/accessoires-servos\/rallonge-de-servo-avec-crochet-jr-300-mm\/","title":{"rendered":"Rallonge de servo avec crochet de s\u00e9curit\u00e9 JR 300 mm"},"content":{"rendered":"<p>Rallonge de servo avec crochet de s\u00e9curit\u00e9 0.32mm\u00b2 (AWG22), l= 300 mm, JR<\/p>\n<p>Unit\u00e9: 1pcs<\/p>\n<div style=\"text-align:left\" class=\"wps-pgfw-pdf-generate-icon__wrapper-frontend\">\n\t\t<a href=\"https:\/\/www.speedmodels.ch\/fr\/wp-json\/wp\/v2\/product\/10709\/?action=genpdf&amp;id=10709\" class=\"pgfw-single-pdf-download-button\" target=_blank><img src=\"https:\/\/speedmodels.ch\/wp-content\/uploads\/2021\/09\/pdf_icon.png\" title=\"G\u00e9n\u00e9rer un PDF\" style=\"width:auto; height:45px;\"><\/a>\n\t\t<\/div>","protected":false},"excerpt":{"rendered":"<p>Rallonge de servo avec crochet de s\u00e9curit\u00e9 0.32mm\u00b2 (AWG22), l= 300 mm, JR Unit\u00e9: 1pcs<\/p>\n","protected":false},"featured_media":10610,"template":"","meta":[],"product_brand":[],"product_cat":[1505,1502,1503,1504],"product_tag":[],"class_list":{"0":"post-10709","1":"product","2":"type-product","3":"status-publish","4":"has-post-thumbnail","6":"product_cat-accessoires-servos","7":"product_cat-cable-prise-interrupteur","8":"product_cat-rallonge-de-servo","9":"product_cat-servos-fr","11":"first","12":"instock","13":"shipping-taxable","14":"product-type-simple"},"_links":{"self":[{"href":"https:\/\/www.speedmodels.ch\/fr\/wp-json\/wp\/v2\/product\/10709","targetHints":{"allow":["GET"]}}],"collection":[{"href":"https:\/\/www.speedmodels.ch\/fr\/wp-json\/wp\/v2\/product"}],"about":[{"href":"https:\/\/www.speedmodels.ch\/fr\/wp-json\/wp\/v2\/types\/product"}],"version-history":[{"count":0,"href":"https:\/\/www.speedmodels.ch\/fr\/wp-json\/wp\/v2\/product\/10709\/revisions"}],"wp:featuredmedia":[{"embeddable":true,"href":"https:\/\/www.speedmodels.ch\/fr\/wp-json\/wp\/v2\/media\/10610"}],"wp:attachment":[{"href":"https:\/\/www.speedmodels.ch\/fr\/wp-json\/wp\/v2\/media?parent=10709"}],"wp:term":[{"taxonomy":"product_brand","embeddable":true,"href":"https:\/\/www.speedmodels.ch\/fr\/wp-json\/wp\/v2\/product_brand?post=10709"},{"taxonomy":"product_cat","embeddable":true,"href":"https:\/\/www.speedmodels.ch\/fr\/wp-json\/wp\/v2\/product_cat?post=10709"},{"taxonomy":"product_tag","embeddable":true,"href":"https:\/\/www.speedmodels.ch\/fr\/wp-json\/wp\/v2\/product_tag?post=10709"}],"curies":[{"name":"wp","href":"https:\/\/api.w.org\/{rel}","templated":true}]}}