{"id":22080,"date":"2021-07-15T11:45:01","date_gmt":"2021-07-15T11:45:01","guid":{"rendered":"https:\/\/www.speedmodels.ch\/a-propos-de-nous\/"},"modified":"2023-07-21T14:30:45","modified_gmt":"2023-07-21T14:30:45","slug":"a-propos-de-nous","status":"publish","type":"page","link":"https:\/\/www.speedmodels.ch\/fr\/a-propos-de-nous\/","title":{"rendered":"\u00c0 propos de nous"},"content":{"rendered":"\t\t<div data-elementor-type=\"wp-page\" data-elementor-id=\"22080\" class=\"elementor elementor-22080 elementor-832\" data-elementor-post-type=\"page\">\n\t\t\t\t\t\t<section class=\"elementor-section elementor-top-section elementor-element elementor-element-cd1e1eb elementor-section-full_width headerlnk_wrap elementor-section-height-default elementor-section-height-default\" data-id=\"cd1e1eb\" data-element_type=\"section\" data-e-type=\"section\" data-settings=\"{&quot;jet_parallax_layout_list&quot;:[{&quot;jet_parallax_layout_image&quot;:{&quot;url&quot;:&quot;&quot;,&quot;id&quot;:&quot;&quot;,&quot;size&quot;:&quot;&quot;},&quot;_id&quot;:&quot;6148977&quot;,&quot;jet_parallax_layout_image_tablet&quot;:{&quot;url&quot;:&quot;&quot;,&quot;id&quot;:&quot;&quot;,&quot;size&quot;:&quot;&quot;},&quot;jet_parallax_layout_image_mobile&quot;:{&quot;url&quot;:&quot;&quot;,&quot;id&quot;:&quot;&quot;,&quot;size&quot;:&quot;&quot;},&quot;jet_parallax_layout_speed&quot;:{&quot;unit&quot;:&quot;%&quot;,&quot;size&quot;:50,&quot;sizes&quot;:[]},&quot;jet_parallax_layout_type&quot;:&quot;scroll&quot;,&quot;jet_parallax_layout_direction&quot;:&quot;1&quot;,&quot;jet_parallax_layout_fx_direction&quot;:null,&quot;jet_parallax_layout_z_index&quot;:&quot;&quot;,&quot;jet_parallax_layout_bg_x&quot;:50,&quot;jet_parallax_layout_bg_x_tablet&quot;:&quot;&quot;,&quot;jet_parallax_layout_bg_x_mobile&quot;:&quot;&quot;,&quot;jet_parallax_layout_bg_y&quot;:50,&quot;jet_parallax_layout_bg_y_tablet&quot;:&quot;&quot;,&quot;jet_parallax_layout_bg_y_mobile&quot;:&quot;&quot;,&quot;jet_parallax_layout_bg_size&quot;:&quot;auto&quot;,&quot;jet_parallax_layout_bg_size_tablet&quot;:&quot;&quot;,&quot;jet_parallax_layout_bg_size_mobile&quot;:&quot;&quot;,&quot;jet_parallax_layout_animation_prop&quot;:&quot;transform&quot;,&quot;jet_parallax_layout_on&quot;:[&quot;desktop&quot;,&quot;tablet&quot;]}]}\">\n\t\t\t\t\t\t<div class=\"elementor-container elementor-column-gap-no\">\n\t\t\t\t\t<div class=\"elementor-column elementor-col-100 elementor-top-column elementor-element elementor-element-e763c99\" data-id=\"e763c99\" data-element_type=\"column\" data-e-type=\"column\" data-settings=\"{&quot;background_background&quot;:&quot;classic&quot;}\">\n\t\t\t<div class=\"elementor-widget-wrap elementor-element-populated\">\n\t\t\t\t\t\t\t<\/div>\n\t\t<\/div>\n\t\t\t\t\t<\/div>\n\t\t<\/section>\n\t\t\t\t<section class=\"elementor-section elementor-top-section elementor-element elementor-element-649dfe6 elementor-section-content-top elementor-section-boxed elementor-section-height-default elementor-section-height-default\" data-id=\"649dfe6\" data-element_type=\"section\" data-e-type=\"section\" data-settings=\"{&quot;jet_parallax_layout_list&quot;:[{&quot;jet_parallax_layout_image&quot;:{&quot;url&quot;:&quot;&quot;,&quot;id&quot;:&quot;&quot;,&quot;size&quot;:&quot;&quot;},&quot;_id&quot;:&quot;70a1ad7&quot;,&quot;jet_parallax_layout_image_tablet&quot;:{&quot;url&quot;:&quot;&quot;,&quot;id&quot;:&quot;&quot;,&quot;size&quot;:&quot;&quot;},&quot;jet_parallax_layout_image_mobile&quot;:{&quot;url&quot;:&quot;&quot;,&quot;id&quot;:&quot;&quot;,&quot;size&quot;:&quot;&quot;},&quot;jet_parallax_layout_speed&quot;:{&quot;unit&quot;:&quot;%&quot;,&quot;size&quot;:50,&quot;sizes&quot;:[]},&quot;jet_parallax_layout_type&quot;:&quot;scroll&quot;,&quot;jet_parallax_layout_direction&quot;:&quot;1&quot;,&quot;jet_parallax_layout_fx_direction&quot;:null,&quot;jet_parallax_layout_z_index&quot;:&quot;&quot;,&quot;jet_parallax_layout_bg_x&quot;:50,&quot;jet_parallax_layout_bg_x_tablet&quot;:&quot;&quot;,&quot;jet_parallax_layout_bg_x_mobile&quot;:&quot;&quot;,&quot;jet_parallax_layout_bg_y&quot;:50,&quot;jet_parallax_layout_bg_y_tablet&quot;:&quot;&quot;,&quot;jet_parallax_layout_bg_y_mobile&quot;:&quot;&quot;,&quot;jet_parallax_layout_bg_size&quot;:&quot;auto&quot;,&quot;jet_parallax_layout_bg_size_tablet&quot;:&quot;&quot;,&quot;jet_parallax_layout_bg_size_mobile&quot;:&quot;&quot;,&quot;jet_parallax_layout_animation_prop&quot;:&quot;transform&quot;,&quot;jet_parallax_layout_on&quot;:[&quot;desktop&quot;,&quot;tablet&quot;]}]}\">\n\t\t\t\t\t\t<div class=\"elementor-container elementor-column-gap-no\">\n\t\t\t\t\t<div class=\"elementor-column elementor-col-100 elementor-top-column elementor-element elementor-element-a732585 lnk__content\" data-id=\"a732585\" data-element_type=\"column\" data-e-type=\"column\">\n\t\t\t<div class=\"elementor-widget-wrap elementor-element-populated\">\n\t\t\t\t\t\t<div class=\"elementor-element elementor-element-3a14ffb elementor-widget elementor-widget-heading\" data-id=\"3a14ffb\" data-element_type=\"widget\" data-e-type=\"widget\" data-widget_type=\"heading.default\">\n\t\t\t\t\t<h2 class=\"elementor-heading-title elementor-size-default\">\u00c0 propos de nous<\/h2>\t\t\t\t<\/div>\n\t\t\t\t<div class=\"elementor-element elementor-element-1922b70 elementor-widget elementor-widget-spacer\" data-id=\"1922b70\" data-element_type=\"widget\" data-e-type=\"widget\" data-widget_type=\"spacer.default\">\n\t\t\t\t\t\t\t<div class=\"elementor-spacer\">\n\t\t\t<div class=\"elementor-spacer-inner\"><\/div>\n\t\t<\/div>\n\t\t\t\t\t\t<\/div>\n\t\t\t\t<section class=\"elementor-section elementor-inner-section elementor-element elementor-element-f806a04 elementor-section-full_width elementor-section-height-default elementor-section-height-default\" data-id=\"f806a04\" data-element_type=\"section\" data-e-type=\"section\" data-settings=\"{&quot;jet_parallax_layout_list&quot;:[{&quot;jet_parallax_layout_image&quot;:{&quot;url&quot;:&quot;&quot;,&quot;id&quot;:&quot;&quot;,&quot;size&quot;:&quot;&quot;},&quot;_id&quot;:&quot;18987d4&quot;,&quot;jet_parallax_layout_image_tablet&quot;:{&quot;url&quot;:&quot;&quot;,&quot;id&quot;:&quot;&quot;,&quot;size&quot;:&quot;&quot;},&quot;jet_parallax_layout_image_mobile&quot;:{&quot;url&quot;:&quot;&quot;,&quot;id&quot;:&quot;&quot;,&quot;size&quot;:&quot;&quot;},&quot;jet_parallax_layout_speed&quot;:{&quot;unit&quot;:&quot;%&quot;,&quot;size&quot;:50,&quot;sizes&quot;:[]},&quot;jet_parallax_layout_type&quot;:&quot;scroll&quot;,&quot;jet_parallax_layout_direction&quot;:&quot;1&quot;,&quot;jet_parallax_layout_fx_direction&quot;:null,&quot;jet_parallax_layout_z_index&quot;:&quot;&quot;,&quot;jet_parallax_layout_bg_x&quot;:50,&quot;jet_parallax_layout_bg_x_tablet&quot;:&quot;&quot;,&quot;jet_parallax_layout_bg_x_mobile&quot;:&quot;&quot;,&quot;jet_parallax_layout_bg_y&quot;:50,&quot;jet_parallax_layout_bg_y_tablet&quot;:&quot;&quot;,&quot;jet_parallax_layout_bg_y_mobile&quot;:&quot;&quot;,&quot;jet_parallax_layout_bg_size&quot;:&quot;auto&quot;,&quot;jet_parallax_layout_bg_size_tablet&quot;:&quot;&quot;,&quot;jet_parallax_layout_bg_size_mobile&quot;:&quot;&quot;,&quot;jet_parallax_layout_animation_prop&quot;:&quot;transform&quot;,&quot;jet_parallax_layout_on&quot;:[&quot;desktop&quot;,&quot;tablet&quot;]}]}\">\n\t\t\t\t\t\t<div class=\"elementor-container elementor-column-gap-no\">\n\t\t\t\t\t<div class=\"elementor-column elementor-col-50 elementor-inner-column elementor-element elementor-element-b8eccab\" data-id=\"b8eccab\" data-element_type=\"column\" data-e-type=\"column\">\n\t\t\t<div class=\"elementor-widget-wrap elementor-element-populated\">\n\t\t\t\t\t\t<div class=\"elementor-element elementor-element-6645ca2 elementor-widget elementor-widget-image\" data-id=\"6645ca2\" data-element_type=\"widget\" data-e-type=\"widget\" data-widget_type=\"image.default\">\n\t\t\t\t\t\t\t\t\t\t\t\t<figure class=\"wp-caption\">\n\t\t\t\t\t\t\t\t\t\t<img fetchpriority=\"high\" decoding=\"async\" width=\"900\" height=\"588\" src=\"https:\/\/www.speedmodels.ch\/wp-content\/uploads\/2022\/10\/Ueber_uns_01.jpg\" class=\"attachment-full size-full wp-image-15220\" alt=\"\" srcset=\"https:\/\/www.speedmodels.ch\/wp-content\/uploads\/2022\/10\/Ueber_uns_01.jpg 900w, https:\/\/www.speedmodels.ch\/wp-content\/uploads\/2022\/10\/Ueber_uns_01-300x196.jpg 300w, https:\/\/www.speedmodels.ch\/wp-content\/uploads\/2022\/10\/Ueber_uns_01-768x502.jpg 768w, https:\/\/www.speedmodels.ch\/wp-content\/uploads\/2022\/10\/Ueber_uns_01-196x128.jpg 196w\" sizes=\"(max-width: 900px) 100vw, 900px\" \/>\t\t\t\t\t\t\t\t\t\t\t<figcaption class=\"widget-image-caption wp-caption-text\"><\/figcaption>\n\t\t\t\t\t\t\t\t\t\t<\/figure>\n\t\t\t\t\t\t\t\t\t<\/div>\n\t\t\t\t\t<\/div>\n\t\t<\/div>\n\t\t\t\t<div class=\"elementor-column elementor-col-50 elementor-inner-column elementor-element elementor-element-a823ce1\" data-id=\"a823ce1\" data-element_type=\"column\" data-e-type=\"column\">\n\t\t\t<div class=\"elementor-widget-wrap elementor-element-populated\">\n\t\t\t\t\t\t<div class=\"elementor-element elementor-element-f4110e4 elementor-widget elementor-widget-text-editor\" data-id=\"f4110e4\" data-element_type=\"widget\" data-e-type=\"widget\" data-widget_type=\"text-editor.default\">\n\t\t\t\t\t\t\t\t\t<p><b>Depuis plus de 40 ans au service des d\u00e9taillants sp\u00e9cialis\u00e9s en mod\u00e9lisme !<\/b><\/p>\n<p>L&rsquo;entreprise a \u00e9t\u00e9 fond\u00e9e en 1976 par Antonio Della Zoppa \u00e0 Bremgarten pr\u00e8s de Berne. Au bout de deux ans seulement, des<br \/>les locaux de Bremgarten \u00e9taient trop \u00e9troits et en 1978, l&rsquo;entreprise a \u00e9t\u00e9 transf\u00e9r\u00e9e \u00e0 Berne.<br \/>Des mod\u00e8les r\u00e9duits de voitures de course, de grands bateaux de course, des moteurs \u00e0 combustion et une large gamme d&rsquo;accessoires constituaient la base de l&rsquo;assortiment et Speedmodels est ainsi rapidement devenu le fournisseur quotidien des magasins de mod\u00e9lisme.<\/p>\n<p>Apr\u00e8s le d\u00e9m\u00e9nagement en 1992 \u00e0 Burgdorf, la palette d&rsquo;offres a encore pu \u00eatre \u00e9largie, ce qui a permis \u00e0 l&rsquo;entreprise de se d\u00e9velopper.<br \/>Les commer\u00e7ants sp\u00e9cialis\u00e9s l&rsquo;ont accept\u00e9 avec gratitude.<\/p>\n\t\t\t\t\t\t\t\t<\/div>\n\t\t\t\t\t<\/div>\n\t\t<\/div>\n\t\t\t\t\t<\/div>\n\t\t<\/section>\n\t\t\t\t<div class=\"elementor-element elementor-element-4802f35 elementor-widget elementor-widget-text-editor\" data-id=\"4802f35\" data-element_type=\"widget\" data-e-type=\"widget\" data-widget_type=\"text-editor.default\">\n\t\t\t\t\t\t\t\t\t<p>En 2007, Antonio Della Zoppa a vendu l&rsquo;entreprise pour raison d&rsquo;\u00e2ge. Apr\u00e8s le transfert du domicile \u00e0 Rupperswil, la forme juridique a \u00e9galement \u00e9t\u00e9 modifi\u00e9e pour devenir une GmbH.<br>\u00c0 partir du 1er octobre 2007, Fredy Lutz et Stefan Raiser ont \u00e9t\u00e9 charg\u00e9s de la direction.<\/p>\n<p>L&rsquo;assortiment a toujours \u00e9t\u00e9 adapt\u00e9 et optimis\u00e9 en fonction du march\u00e9 et des souhaits des revendeurs de mod\u00e8les r\u00e9duits. Les grands mod\u00e8les r\u00e9duits de bateaux et leurs accessoires ont laiss\u00e9 la place \u00e0<br>de l&rsquo;assortiment, faute de demande. Suite \u00e0 la dissolution de la cha\u00eene de distribution de Thunder Tiger en Europe, l&rsquo;offre a \u00e9t\u00e9 optimis\u00e9e et r\u00e9duite.<br>Les ressources ainsi lib\u00e9r\u00e9es ont \u00e9t\u00e9 investies dans les lignes de produits de base, ce qui a permis d&rsquo;optimiser encore la disponibilit\u00e9 des livraisons et les processus internes.<\/p>\n<p>Depuis le d\u00e9m\u00e9nagement en \u00e9t\u00e9 2017 \u00e0 Derendingen SO, l&rsquo;entreprise est dirig\u00e9e par les propri\u00e9taires Stefan Raiser et Marianna Zbinden-Zanelli.<\/p>\n<p>Stefan Raiser &amp; Marianna Zbinden-Zanelli, novembre 2022<\/p>\t\t\t\t\t\t\t\t<\/div>\n\t\t\t\t<div class=\"elementor-element elementor-element-5807dcf elementor-widget elementor-widget-spacer\" data-id=\"5807dcf\" data-element_type=\"widget\" data-e-type=\"widget\" data-widget_type=\"spacer.default\">\n\t\t\t\t\t\t\t<div class=\"elementor-spacer\">\n\t\t\t<div class=\"elementor-spacer-inner\"><\/div>\n\t\t<\/div>\n\t\t\t\t\t\t<\/div>\n\t\t\t\t\t<\/div>\n\t\t<\/div>\n\t\t\t\t\t<\/div>\n\t\t<\/section>\n\t\t\t\t<\/div>\n\t\t","protected":false},"excerpt":{"rendered":"<p>Depuis plus de 40 ans au service des d\u00e9taillants sp\u00e9cialis\u00e9s en mod\u00e9lisme ! L&rsquo;entreprise a \u00e9t\u00e9 fond\u00e9e en 1976 par Antonio Della Zoppa \u00e0 Bremgarten pr\u00e8s de Berne. Au bout de deux ans seulement, desles locaux de Bremgarten \u00e9taient trop \u00e9troits et en 1978, l&rsquo;entreprise a \u00e9t\u00e9 transf\u00e9r\u00e9e \u00e0 Berne.Des mod\u00e8les r\u00e9duits de voitures de [&hellip;]<\/p>\n","protected":false},"author":2,"featured_media":0,"parent":0,"menu_order":38,"comment_status":"closed","ping_status":"closed","template":"elementor_header_footer","meta":{"footnotes":""},"class_list":["post-22080","page","type-page","status-publish","hentry"],"_links":{"self":[{"href":"https:\/\/www.speedmodels.ch\/fr\/wp-json\/wp\/v2\/pages\/22080","targetHints":{"allow":["GET"]}}],"collection":[{"href":"https:\/\/www.speedmodels.ch\/fr\/wp-json\/wp\/v2\/pages"}],"about":[{"href":"https:\/\/www.speedmodels.ch\/fr\/wp-json\/wp\/v2\/types\/page"}],"author":[{"embeddable":true,"href":"https:\/\/www.speedmodels.ch\/fr\/wp-json\/wp\/v2\/users\/2"}],"replies":[{"embeddable":true,"href":"https:\/\/www.speedmodels.ch\/fr\/wp-json\/wp\/v2\/comments?post=22080"}],"version-history":[{"count":0,"href":"https:\/\/www.speedmodels.ch\/fr\/wp-json\/wp\/v2\/pages\/22080\/revisions"}],"wp:attachment":[{"href":"https:\/\/www.speedmodels.ch\/fr\/wp-json\/wp\/v2\/media?parent=22080"}],"curies":[{"name":"wp","href":"https:\/\/api.w.org\/{rel}","templated":true}]}}